{"id":1599,"date":"2020-09-29T15:48:45","date_gmt":"2020-09-29T13:48:45","guid":{"rendered":"https:\/\/treeloc.ad\/legal-notice\/"},"modified":"2020-09-29T15:48:50","modified_gmt":"2020-09-29T13:48:50","slug":"legal-notice","status":"publish","type":"page","link":"https:\/\/treeloc.ad\/en\/legal-notice\/","title":{"rendered":"Legal Notice"},"content":{"rendered":"<p>[vc_row full_width=&#8221;stretch_row&#8221; el_class=&#8221;hero&#8221; css=&#8221;.vc_custom_1595602958788{padding-top: 100px !important;padding-bottom: 100px !important;}&#8221;][vc_column][vc_row_inner][vc_column_inner width=&#8221;2\/12&#8243;][\/vc_column_inner][vc_column_inner width=&#8221;8\/12&#8243;][vc_column_text el_class=&#8221;subtitle center&#8221; css=&#8221;.vc_custom_1595602912960{margin-bottom: 30px !important;}&#8221;]<\/p>\n<h4>treeloc.com<\/h4>\n<h1>Legal Notice<\/h1>\n<p>[\/vc_column_text][vc_column_text css=&#8221;.vc_custom_1595602926733{margin-top: 40px !important;}&#8221;]This is a legal notice, the reading of which is obligatory and which regulates the conditions of use that must be observed and respected by the users of this website. We ask that you please read it carefully as simply accessing the website implies that you have read and accept the following conditions without reservation.<\/p>\n<p><strong>1. Conditions of use of the website<\/strong><br \/>\nThe user undertakes to use the website and the services accessible from the website diligently, not to use the services or information contained on the website to carry out activities contrary to the law, morals, good customs, or public order, and, in general, to use this in accordance with this legal notice.<br \/>\nTreeloc may temporarily or definitively suspend access to the website, at its own discretion, in addition to suspending the provision of any or all of the services provided through this at any time and without prior notice.<\/p>\n<p><strong>2. Intellectual Property Rights<\/strong><br \/>\nTreeloc (or its licensors, if applicable) is the owner of the Intellectual and Industrial Property Rights to all the content of this website. In any case, Treeloc has the corresponding authorization to use the content as it deems fit.<\/p>\n<p>Any reproduction, except for private use, making available to the public, and in general, any other form of exploitation of all or part of the content of this website, in addition to its design, is strictly prohibited. Such acts of exploitation may only be carried out with express authorization from Treeloc and provided explicit reference is made to this party&#8217;s ownership in terms of the aforementioned Intellectual Property Rights. In this respect, any persons who should wish to establish a link or hyperlink between their website and this website must first have express, written authorization from Treeloc, without this implying any relationship between Treeloc and the owner of the page with which the link is established, nor Treeloc&#8217;s approval or acceptance of its content or services. Any manipulation or alteration of this website without Treeloc&#8217;s prior consent is strictly prohibited. As a result, Treeloc shall not be in any way liable for any consequences that might arise from such alteration or manipulation by third parties.<\/p>\n<p><strong>3.- Limitation of liability.<\/strong><br \/>\nDespite having taken all the necessary precautions to provide you with current and accurate information on our website, Treeloc cannot guarantee the accuracy or currentness of all the information provided, nor the absence of errors or omissions, for which reason we ask that you please bear in mind that the information you have access to is provided under the conditions detailed in this legal notice, without any guarantee that this is accurate and current.<\/p>\n<p><strong>4. Information in accordance with the LSSI (Law on Information Society Services)<\/strong><br \/>\nFor the purposes of art. 10 of Act 34\/2002, of July 11, on information society and electronic commerce services, users are hereby informed that the owner of the website is the company TREELOC, S.L. (email: &#x69;&#110;&#x66;&#x6f;&#64;&#x74;&#114;e&#x65;&#108;o&#x63;&#46;&#x63;&#x6f;m) with its registered address in Calle Gran Via de les Corts Catalanes, 536, principal, Barcelona, holder of Tax ID No. (CIF) B-63319297 and the registration details of which are as follows: Registered in the Commercial Register of Barcelona, under Volume 36,023, Folio 190, Page B-274.503.[\/vc_column_text][\/vc_column_inner][vc_column_inner width=&#8221;2\/12&#8243;][\/vc_column_inner][\/vc_row_inner][\/vc_column][\/vc_row]<\/p>\n","protected":false},"excerpt":{"rendered":"<p>[vc_row full_width=&#8221;stretch_row&#8221; el_class=&#8221;hero&#8221; css=&#8221;.vc_custom_1595602958788{padding-top: 100px !important;padding-bottom: 100px !important;}&#8221;][vc_column][vc_row_inner][vc_column_inner width=&#8221;2\/12&#8243;][\/vc_column_inner][vc_column_inner width=&#8221;8\/12&#8243;][vc_column_text el_class=&#8221;subtitle center&#8221; css=&#8221;.vc_custom_1595602912960{margin-bottom: 30px !important;}&#8221;] treeloc.com Legal Notice [\/vc_column_text][vc_column_text css=&#8221;.vc_custom_1595602926733{margin-top: 40px !important;}&#8221;]This is a legal notice, the reading of which is obligatory and which regulates [&hellip;]<\/p>\n","protected":false},"author":13,"featured_media":0,"parent":0,"menu_order":12,"comment_status":"closed","ping_status":"closed","template":"page-treelocbg.php","meta":{"_monsterinsights_skip_tracking":false,"_monsterinsights_sitenote_active":false,"_monsterinsights_sitenote_note":"","_monsterinsights_sitenote_category":0},"acf":[],"yoast_head":"<!-- This site is optimized with the Yoast SEO plugin v19.7.1 - https:\/\/yoast.com\/wordpress\/plugins\/seo\/ -->\n<title>Legal Notice - Treeloc. Agencia de traducci\u00f3n t\u00e9cnica en Barcelona.<\/title>\n<meta name=\"robots\" content=\"index, follow, max-snippet:-1, max-image-preview:large, max-video-preview:-1\" \/>\n<link rel=\"canonical\" href=\"https:\/\/treeloc.ad\/en\/legal-notice\/\" \/>\n<meta property=\"og:locale\" content=\"en_US\" \/>\n<meta property=\"og:type\" content=\"article\" \/>\n<meta property=\"og:title\" content=\"Legal Notice - Treeloc. Agencia de traducci\u00f3n t\u00e9cnica en Barcelona.\" \/>\n<meta property=\"og:description\" content=\"[vc_row full_width=&#8221;stretch_row&#8221; el_class=&#8221;hero&#8221; css=&#8221;.vc_custom_1595602958788{padding-top: 100px !important;padding-bottom: 100px !important;}&#8221;][vc_column][vc_row_inner][vc_column_inner width=&#8221;2\/12&#8243;][\/vc_column_inner][vc_column_inner width=&#8221;8\/12&#8243;][vc_column_text el_class=&#8221;subtitle center&#8221; css=&#8221;.vc_custom_1595602912960{margin-bottom: 30px !important;}&#8221;] treeloc.com Legal Notice [\/vc_column_text][vc_column_text css=&#8221;.vc_custom_1595602926733{margin-top: 40px !important;}&#8221;]This is a legal notice, the reading of which is obligatory and which regulates [&hellip;]\" \/>\n<meta property=\"og:url\" content=\"https:\/\/treeloc.ad\/en\/legal-notice\/\" \/>\n<meta property=\"og:site_name\" content=\"Treeloc. Agencia de traducci\u00f3n t\u00e9cnica en Barcelona.\" \/>\n<meta property=\"article:publisher\" content=\"https:\/\/www.facebook.com\/Treeloc\/\" \/>\n<meta property=\"article:modified_time\" content=\"2020-09-29T13:48:50+00:00\" \/>\n<meta name=\"twitter:card\" content=\"summary_large_image\" \/>\n<meta name=\"twitter:label1\" content=\"Est. reading time\" \/>\n\t<meta name=\"twitter:data1\" content=\"3 minutes\" \/>\n<script type=\"application\/ld+json\" class=\"yoast-schema-graph\">{\"@context\":\"https:\/\/schema.org\",\"@graph\":[{\"@type\":\"WebPage\",\"@id\":\"https:\/\/treeloc.ad\/en\/legal-notice\/\",\"url\":\"https:\/\/treeloc.ad\/en\/legal-notice\/\",\"name\":\"Legal Notice - Treeloc. Agencia de traducci\u00f3n t\u00e9cnica en Barcelona.\",\"isPartOf\":{\"@id\":\"https:\/\/treeloc.ad\/#website\"},\"datePublished\":\"2020-09-29T13:48:45+00:00\",\"dateModified\":\"2020-09-29T13:48:50+00:00\",\"breadcrumb\":{\"@id\":\"https:\/\/treeloc.ad\/en\/legal-notice\/#breadcrumb\"},\"inLanguage\":\"en-US\",\"potentialAction\":[{\"@type\":\"ReadAction\",\"target\":[\"https:\/\/treeloc.ad\/en\/legal-notice\/\"]}]},{\"@type\":\"BreadcrumbList\",\"@id\":\"https:\/\/treeloc.ad\/en\/legal-notice\/#breadcrumb\",\"itemListElement\":[{\"@type\":\"ListItem\",\"position\":1,\"name\":\"Portada\",\"item\":\"https:\/\/treeloc.ad\/en\/\"},{\"@type\":\"ListItem\",\"position\":2,\"name\":\"Legal Notice\"}]},{\"@type\":\"WebSite\",\"@id\":\"https:\/\/treeloc.ad\/#website\",\"url\":\"https:\/\/treeloc.ad\/\",\"name\":\"Treeloc\",\"description\":\"Agencia de traducci\u00f3n t\u00e9cnica con experiencia en sectores de las tecnolog\u00edas, la ingenier\u00eda y la medicina. Certificaciones ISO y partners de SAP.\",\"publisher\":{\"@id\":\"https:\/\/treeloc.ad\/#organization\"},\"potentialAction\":[{\"@type\":\"SearchAction\",\"target\":{\"@type\":\"EntryPoint\",\"urlTemplate\":\"https:\/\/treeloc.ad\/?s={search_term_string}\"},\"query-input\":\"required name=search_term_string\"}],\"inLanguage\":\"en-US\"},{\"@type\":\"Organization\",\"@id\":\"https:\/\/treeloc.ad\/#organization\",\"name\":\"Treeloc\",\"url\":\"https:\/\/treeloc.ad\/\",\"sameAs\":[\"https:\/\/www.linkedin.com\/company\/treeloc\/\",\"https:\/\/www.facebook.com\/Treeloc\/\"],\"logo\":{\"@type\":\"ImageObject\",\"inLanguage\":\"en-US\",\"@id\":\"https:\/\/treeloc.ad\/#\/schema\/logo\/image\/\",\"url\":\"https:\/\/treeloc.ad\/wp-content\/uploads\/2020\/04\/TREELOC-Brand1X.png\",\"contentUrl\":\"https:\/\/treeloc.ad\/wp-content\/uploads\/2020\/04\/TREELOC-Brand1X.png\",\"width\":169,\"height\":49,\"caption\":\"Treeloc\"},\"image\":{\"@id\":\"https:\/\/treeloc.ad\/#\/schema\/logo\/image\/\"}}]}<\/script>\n<!-- \/ Yoast SEO plugin. -->","yoast_head_json":{"title":"Legal Notice - Treeloc. Agencia de traducci\u00f3n t\u00e9cnica en Barcelona.","robots":{"index":"index","follow":"follow","max-snippet":"max-snippet:-1","max-image-preview":"max-image-preview:large","max-video-preview":"max-video-preview:-1"},"canonical":"https:\/\/treeloc.ad\/en\/legal-notice\/","og_locale":"en_US","og_type":"article","og_title":"Legal Notice - Treeloc. Agencia de traducci\u00f3n t\u00e9cnica en Barcelona.","og_description":"[vc_row full_width=&#8221;stretch_row&#8221; el_class=&#8221;hero&#8221; css=&#8221;.vc_custom_1595602958788{padding-top: 100px !important;padding-bottom: 100px !important;}&#8221;][vc_column][vc_row_inner][vc_column_inner width=&#8221;2\/12&#8243;][\/vc_column_inner][vc_column_inner width=&#8221;8\/12&#8243;][vc_column_text el_class=&#8221;subtitle center&#8221; css=&#8221;.vc_custom_1595602912960{margin-bottom: 30px !important;}&#8221;] treeloc.com Legal Notice [\/vc_column_text][vc_column_text css=&#8221;.vc_custom_1595602926733{margin-top: 40px !important;}&#8221;]This is a legal notice, the reading of which is obligatory and which regulates [&hellip;]","og_url":"https:\/\/treeloc.ad\/en\/legal-notice\/","og_site_name":"Treeloc. Agencia de traducci\u00f3n t\u00e9cnica en Barcelona.","article_publisher":"https:\/\/www.facebook.com\/Treeloc\/","article_modified_time":"2020-09-29T13:48:50+00:00","twitter_card":"summary_large_image","twitter_misc":{"Est. reading time":"3 minutes"},"schema":{"@context":"https:\/\/schema.org","@graph":[{"@type":"WebPage","@id":"https:\/\/treeloc.ad\/en\/legal-notice\/","url":"https:\/\/treeloc.ad\/en\/legal-notice\/","name":"Legal Notice - Treeloc. Agencia de traducci\u00f3n t\u00e9cnica en Barcelona.","isPartOf":{"@id":"https:\/\/treeloc.ad\/#website"},"datePublished":"2020-09-29T13:48:45+00:00","dateModified":"2020-09-29T13:48:50+00:00","breadcrumb":{"@id":"https:\/\/treeloc.ad\/en\/legal-notice\/#breadcrumb"},"inLanguage":"en-US","potentialAction":[{"@type":"ReadAction","target":["https:\/\/treeloc.ad\/en\/legal-notice\/"]}]},{"@type":"BreadcrumbList","@id":"https:\/\/treeloc.ad\/en\/legal-notice\/#breadcrumb","itemListElement":[{"@type":"ListItem","position":1,"name":"Portada","item":"https:\/\/treeloc.ad\/en\/"},{"@type":"ListItem","position":2,"name":"Legal Notice"}]},{"@type":"WebSite","@id":"https:\/\/treeloc.ad\/#website","url":"https:\/\/treeloc.ad\/","name":"Treeloc","description":"Agencia de traducci\u00f3n t\u00e9cnica con experiencia en sectores de las tecnolog\u00edas, la ingenier\u00eda y la medicina. Certificaciones ISO y partners de SAP.","publisher":{"@id":"https:\/\/treeloc.ad\/#organization"},"potentialAction":[{"@type":"SearchAction","target":{"@type":"EntryPoint","urlTemplate":"https:\/\/treeloc.ad\/?s={search_term_string}"},"query-input":"required name=search_term_string"}],"inLanguage":"en-US"},{"@type":"Organization","@id":"https:\/\/treeloc.ad\/#organization","name":"Treeloc","url":"https:\/\/treeloc.ad\/","sameAs":["https:\/\/www.linkedin.com\/company\/treeloc\/","https:\/\/www.facebook.com\/Treeloc\/"],"logo":{"@type":"ImageObject","inLanguage":"en-US","@id":"https:\/\/treeloc.ad\/#\/schema\/logo\/image\/","url":"https:\/\/treeloc.ad\/wp-content\/uploads\/2020\/04\/TREELOC-Brand1X.png","contentUrl":"https:\/\/treeloc.ad\/wp-content\/uploads\/2020\/04\/TREELOC-Brand1X.png","width":169,"height":49,"caption":"Treeloc"},"image":{"@id":"https:\/\/treeloc.ad\/#\/schema\/logo\/image\/"}}]}},"_links":{"self":[{"href":"https:\/\/treeloc.ad\/en\/wp-json\/wp\/v2\/pages\/1599"}],"collection":[{"href":"https:\/\/treeloc.ad\/en\/wp-json\/wp\/v2\/pages"}],"about":[{"href":"https:\/\/treeloc.ad\/en\/wp-json\/wp\/v2\/types\/page"}],"author":[{"embeddable":true,"href":"https:\/\/treeloc.ad\/en\/wp-json\/wp\/v2\/users\/13"}],"replies":[{"embeddable":true,"href":"https:\/\/treeloc.ad\/en\/wp-json\/wp\/v2\/comments?post=1599"}],"version-history":[{"count":1,"href":"https:\/\/treeloc.ad\/en\/wp-json\/wp\/v2\/pages\/1599\/revisions"}],"predecessor-version":[{"id":1600,"href":"https:\/\/treeloc.ad\/en\/wp-json\/wp\/v2\/pages\/1599\/revisions\/1600"}],"wp:attachment":[{"href":"https:\/\/treeloc.ad\/en\/wp-json\/wp\/v2\/media?parent=1599"}],"curies":[{"name":"wp","href":"https:\/\/api.w.org\/{rel}","templated":true}]}}