{"id":2759,"date":"2022-06-06T13:01:22","date_gmt":"2022-06-06T11:01:22","guid":{"rendered":"https:\/\/treeloc.ad\/treeloc-hacemos-que-tu-proyecto-llegue-a-todo-el-mundo\/"},"modified":"2025-01-19T19:38:36","modified_gmt":"2025-01-19T17:38:36","slug":"treeloc-we-make-your-project-reach-the-whole-world","status":"publish","type":"page","link":"https:\/\/treeloc.ad\/en\/","title":{"rendered":"Treeloc. We make your project reach the whole world"},"content":{"rendered":"<p>[vc_row full_width=&#8221;stretch_row&#8221; full_height=&#8221;yes&#8221; content_placement=&#8221;middle&#8221; el_class=&#8221;hero topfix&#8221;][vc_column width=&#8221;5\/12&#8243; css=&#8221;.vc_custom_1655969132850{margin-top: 60px !important;margin-bottom: 70px !important;}&#8221;][vc_column_text]TREELOC<\/p>\n<h1>Andorran Translation Agency<\/h1>\n<p>[\/vc_column_text][vc_column_text el_class=&#8221;subtitle&#8221;]We are one of the most important companies in the translation industry; located in Barcelona, and now also in Andorra. Our position is defined by years of experience, satisfied clients, ISO certifications, and recognition from independent bodies, such as the CSA.<br \/>\nFrom Andorra, we will ensure that your project reaches the whole world. We will ensure that it flows, that there are no obstacles, and that each recipient will feel like it was created specifically to meet their needs. Allow us to give you the benefit of our experience as professional translators, so that your ideas will reach any destination worldwide.[\/vc_column_text][vc_btn title=&#8221;Calculate your quote&#8221; style=&#8221;flat&#8221; color=&#8221;black&#8221; size=&#8221;lg&#8221; link=&#8221;url:https%3A%2F%2Fwww.treeloc.com%2Findex.php%2Fcalculate-your-quotation%2F%3Flang%3Den&#8221;][\/vc_column][vc_column width=&#8221;7\/12&#8243; el_class=&#8221;graphic&#8221;][vc_single_image image=&#8221;1768&#8243; img_size=&#8221;full&#8221; alignment=&#8221;center&#8221;][\/vc_column][\/vc_row][vc_row full_width=&#8221;stretch_row&#8221; full_height=&#8221;yes&#8221; content_placement=&#8221;middle&#8221; el_class=&#8221;hero topfix&#8221; css=&#8221;.vc_custom_1655969721700{padding-top: 30px !important;padding-bottom: 30px !important;background-color: #ffffff !important;}&#8221;][vc_column width=&#8221;7\/12&#8243; offset=&#8221;vc_col-xs-12&#8243;][vc_single_image image=&#8221;1162&#8243; img_size=&#8221;full&#8221; alignment=&#8221;center&#8221;][\/vc_column][vc_column width=&#8221;5\/12&#8243; css=&#8221;.vc_custom_1655972260117{margin-top: 100px !important;margin-bottom: 70px !important;}&#8221;][vc_column_text]THE TREELOC TEAM<\/p>\n<p><span style=\"font-size: 45px;\">Our team of translators is multidisciplinary, meaning that its members are capable of taking on any kind of project.<\/span>[\/vc_column_text][vc_column_text el_class=&#8221;subtitle&#8221;]We have 45 in-house professionals who have degrees in the field of translation and interpreting, and a network of more than 1000 external collaborators. In addition, thanks to the diversity that our staff brings, we have a pluralistic vision that includes different approaches to the translation process, and we can easily adapt your content to any cultural context.[\/vc_column_text][vc_btn title=&#8221;Get to know our team&#8221; style=&#8221;flat&#8221; color=&#8221;black&#8221; size=&#8221;lg&#8221; link=&#8221;url:https%3A%2F%2Fwww.treeloc.com%2Findex.php%2Fabout-us-2%2F%3Flang%3Den|title:Nosotros&#8221;][\/vc_column][\/vc_row][vc_row full_width=&#8221;stretch_row&#8221; equal_height=&#8221;yes&#8221; content_placement=&#8221;middle&#8221; el_class=&#8221;traduccion&#8221; css=&#8221;.vc_custom_1655985690977{padding-top: 30px !important;background-image: url(https:\/\/treeloc.ad\/wp-content\/uploads\/2020\/06\/Treeloc-Servicios-Traduccion-BG.png?id=816) !important;}&#8221;][vc_column width=&#8221;1\/2&#8243; css=&#8221;.vc_custom_1655985888773{margin-top: 60px !important;margin-bottom: 70px !important;}&#8221;][vc_column_text]SERVICES<\/p>\n<h2>Andorran Translation Company<\/h2>\n<p>Are you in Andorra and need to translate your documentation into another language?<br \/>\nWe translate your documentation, software or marketing materials effectively, and we localize them to help you sell your products and reach your sales goals in those markets. Innovation always goes hand in hand with growth, and this is why we are committed to constantly improving our range of services, with new services like transcreation.<br \/>\nWe have a team of translators and revisers from all over the world who are widely accredited, who are native speakers of the language they translate into, and who demonstrate that they have experience in their areas of specialization. Being a multi-disciplinary team, they are able to take on projects of any kind. We have translation assistance tools that enable us to guarantee consistency, and the agreed deadline and price. Your documentation, translated accurately, and on time.[\/vc_column_text][vc_btn title=&#8221;More on Translation&#8221; style=&#8221;flat&#8221; color=&#8221;black&#8221; size=&#8221;lg&#8221; link=&#8221;url:https%3A%2F%2Fwww.treeloc.com%2Findex.php%2Fabout-us-2%2F%3Flang%3Den|title:Translation&#8221;][\/vc_column][vc_column width=&#8221;1\/2&#8243; el_class=&#8221;graphic&#8221;][\/vc_column][\/vc_row][vc_row full_width=&#8221;stretch_row&#8221; equal_height=&#8221;yes&#8221; content_placement=&#8221;middle&#8221; el_class=&#8221;localizacion&#8221; css=&#8221;.vc_custom_1592387313251{background-image: url(https:\/\/treeloc.ad\/wp-content\/uploads\/2020\/06\/Treeloc-Localizacion-Servicio.png?id=821) !important;}&#8221;][vc_column width=&#8221;7\/12&#8243;][\/vc_column][vc_column width=&#8221;5\/12&#8243; el_class=&#8221;rwdhide&#8221;][vc_column_text]SERVICES<\/p>\n<p><span style=\"font-size: 45px;\">Localization<\/span><br \/>\nYou\u2019ve created an innovative piece of software. It will be used worldwide. Users will love it, and it will simplify their lives, but this will only be achieved if the application speaks the same language as the user, and if it works as if it was created just down the road from them. At Treeloc Andorra, we localize your software, and adapt it to the language and culture of a specific country.[\/vc_column_text][vc_btn title=&#8221;More on Localization&#8221; style=&#8221;flat&#8221; color=&#8221;black&#8221; size=&#8221;lg&#8221; link=&#8221;url:https%3A%2F%2Fwww.treeloc.com%2Findex.php%2Fservices%2Flocalization%2F%3Flang%3Den|title:Localization&#8221;][\/vc_column][\/vc_row][vc_row full_width=&#8221;stretch_row&#8221; equal_height=&#8221;yes&#8221; el_class=&#8221;postedicion&#8221; css=&#8221;.vc_custom_1655981315232{background-image: url(https:\/\/treeloc.ad\/wp-content\/uploads\/2020\/06\/Treeloc-Postedicion-Servicio.png?id=818) !important;}&#8221;][vc_column width=&#8221;1\/2&#8243; css=&#8221;.vc_custom_1655969189058{margin-top: 60px !important;margin-bottom: 70px !important;}&#8221;][vc_column_text]SERVICES<\/p>\n<p><span style=\"font-size: 45px;\">Post-editing<\/span><br \/>\nYou&#8217;ve received documentation that you need to understand urgently, but which you are not going to publish. You have some highly technical manuals that do not have much commercial impact, but which, according to local legislation, need to be translated. You have a very tight budget, but you need to translate some material that will hardly ever be seen. If you find yourself in any of these situations, post-editing might be the solution for you.<\/p>\n<p>Artificial intelligence, neural networks, and current computing capacities have made what seemed like fantasy a reality: texts translated to another language in seconds. Although the initial result is incorrect, a human professional edits it to make it correct. So, if you have a text that was initially correctly written (this is very important), which does not have any legal implications and will hardly ever be seen, it may be a good candidate for post-editing.[\/vc_column_text][vc_btn title=&#8221;More on Post-editing&#8221; style=&#8221;flat&#8221; color=&#8221;black&#8221; size=&#8221;lg&#8221; link=&#8221;url:https%3A%2F%2Fwww.treeloc.com%2Findex.php%2Fservices%2Fpost-editing%2F%3Flang%3Den|title:Post-editing&#8221;][\/vc_column][vc_column width=&#8221;1\/2&#8243; el_class=&#8221;rwdhide&#8221;][\/vc_column][\/vc_row][vc_row full_width=&#8221;stretch_row&#8221; el_class=&#8221;main&#8221; css=&#8221;.vc_custom_1654603678643{margin-bottom: 50px !important;padding-top: 100px !important;padding-bottom: 100px !important;}&#8221;][vc_column][vc_row_inner][vc_column_inner width=&#8221;2\/3&#8243;][vc_column_text]<span style=\"font-size: 45px;\">Select Your Industry<\/span>[\/vc_column_text][vc_column_text el_class=&#8221;subtitle&#8221;]Specialist translation, localization, and post-editing services to give you the best solution for your needs. Select your industry and find out how we can help you. Discover services such as <a href=\"https:\/\/treeloc.ad\/en\/post-editing\/\">post-editing<\/a>, <a href=\"https:\/\/treeloc.ad\/en\/transcreation\/\">transcreation<\/a>, <a href=\"https:\/\/treeloc.ad\/en\/sworn-translation-andorra\/\">certified translation<\/a>, <a href=\"https:\/\/treeloc.ad\/en\/web-page-translation-andorra\/\">website translation<\/a>, <a href=\"https:\/\/treeloc.ad\/en\/ecommerce-translation-andorra\/\">e-commerce translation<\/a>, <a href=\"https:\/\/treeloc.ad\/en\/document-translation-andorra\/\">document translation<\/a>, <a href=\"https:\/\/treeloc.ad\/en\/audiovisual-translation-andorra\/\">audiovisual translation<\/a> or <a href=\"https:\/\/treeloc.ad\/en\/translation-of-restaurant-menus-in-andorra\/\">restaurant menu translation<\/a>.[\/vc_column_text][\/vc_column_inner][vc_column_inner width=&#8221;1\/3&#8243;][\/vc_column_inner][\/vc_row_inner]    <script language=\"JavaScript\">\n        jQuery(document).ready(function(){\n            jQuery('.sectors-carousel').slick({\n                infinite: true,\n                slidesToShow: 3,\n                slidesToScroll: 1,\n                responsive: [\n                    {\n                        breakpoint: 1024,\n                        settings: {\n                            slidesToShow: 2,\n                            slidesToScroll: 1\n                        }\n                    },\n                    {\n                        breakpoint: 600,\n                        settings: {\n                            slidesToShow: 1,\n                            slidesToScroll: 1,\n                            dots: true\n                        }\n                    },\n                ]\n            });\n        \/*    jQuery(\".sectors-carousel\").owlCarousel({\n                loop:true,\n                margin:10,\n                nav:true,\n                navContainer:'slsls',\n                dots: false,\n                responsive:{\n                    0:{\n                        items:1\n                    },\n                    600:{\n                        items:2\n                    },\n                    1000:{\n                        items:3\n                    }\n                }\n            });*\/\n        });\n    <\/script>\n\n    [\/vc_column][\/vc_row][vc_row full_width=&#8221;stretch_row&#8221; equal_height=&#8221;yes&#8221; content_placement=&#8221;middle&#8221; el_class=&#8221;.treelocbg&#8221;][vc_column width=&#8221;1\/6&#8243;][\/vc_column][vc_column width=&#8221;2\/3&#8243;][vc_column_text]<\/p>\n<p style=\"text-align: center;\">Complete the contact form<\/p>\n<p><center><span style=\"font-size: 45px;\">Contact us<\/span><\/center><\/p>\n<p style=\"text-align: center;\">Tell us what you need and we&#8217;ll get back to you very soon.<\/p>\n<p>[\/vc_column_text][vc_empty_space]<div role=\"form\" class=\"wpcf7\" id=\"wpcf7-f1830-o1\" lang=\"en-US\" dir=\"ltr\">\n<div class=\"screen-reader-response\"><p role=\"status\" aria-live=\"polite\" aria-atomic=\"true\"><\/p> <ul><\/ul><\/div>\n<form action=\"\/en\/wp-json\/wp\/v2\/pages\/2759#wpcf7-f1830-o1\" method=\"post\" class=\"wpcf7-form init wpcf7-acceptance-as-validation\" novalidate=\"novalidate\" data-status=\"init\">\n<div style=\"display: none;\">\n<input type=\"hidden\" name=\"_wpcf7\" value=\"1830\" \/>\n<input type=\"hidden\" name=\"_wpcf7_version\" value=\"5.5.6.1\" \/>\n<input type=\"hidden\" name=\"_wpcf7_locale\" value=\"en_US\" \/>\n<input type=\"hidden\" name=\"_wpcf7_unit_tag\" value=\"wpcf7-f1830-o1\" \/>\n<input type=\"hidden\" name=\"_wpcf7_container_post\" value=\"0\" \/>\n<input type=\"hidden\" name=\"_wpcf7_posted_data_hash\" value=\"\" \/>\n<\/div>\n<div class=\"formleft\">\n<label> First Name & Last Name(s)*<br \/>\n    <span class=\"wpcf7-form-control-wrap your-name\"><input type=\"text\" name=\"your-name\" value=\"\" size=\"40\" class=\"wpcf7-form-control wpcf7-text wpcf7-validates-as-required\" aria-required=\"true\" aria-invalid=\"false\" \/><\/span> <\/label><label> E-mail*<br \/>\n    <span class=\"wpcf7-form-control-wrap your-email\"><input type=\"email\" name=\"your-email\" value=\"\" size=\"40\" class=\"wpcf7-form-control wpcf7-text wpcf7-email wpcf7-validates-as-required wpcf7-validates-as-email\" aria-required=\"true\" aria-invalid=\"false\" \/><\/span> <\/label>\n<\/div>\n<div class=\"formright\">\n<label> Company<br \/>\n    <span class=\"wpcf7-form-control-wrap your-company\"><input type=\"text\" name=\"your-company\" value=\"\" size=\"40\" class=\"wpcf7-form-control wpcf7-text\" aria-invalid=\"false\" \/><\/span> <\/label><label> Phone no.*<br \/>\n    <span class=\"wpcf7-form-control-wrap your-phone\"><input type=\"tel\" name=\"your-phone\" value=\"\" size=\"40\" class=\"wpcf7-form-control wpcf7-text wpcf7-tel wpcf7-validates-as-required wpcf7-validates-as-tel\" aria-required=\"true\" aria-invalid=\"false\" \/><\/span> <\/label>\n<\/div>\n<div class=\"formbottom\">\n<label> Message<br \/>\n    <span class=\"wpcf7-form-control-wrap your-message\"><textarea name=\"your-message\" cols=\"40\" rows=\"10\" class=\"wpcf7-form-control wpcf7-textarea\" aria-invalid=\"false\"><\/textarea><\/span> <\/label><\/p>\n<p><input type=\"submit\" value=\"Send your message\" class=\"wpcf7-form-control has-spinner wpcf7-submit\" \/><\/p>\n<p class=\"small\"><span class=\"wpcf7-form-control-wrap acceptance-59\"><span class=\"wpcf7-form-control wpcf7-acceptance\"><span class=\"wpcf7-list-item\"><label><input type=\"checkbox\" name=\"acceptance-59\" value=\"1\" aria-invalid=\"false\" \/><span class=\"wpcf7-list-item-label\">I have read the <a href=\"\/privacidad\/\" target=\"_blank\">Privacy Policy<\/a> and I authorize the processing of my data.<\/span><\/label><\/span><\/span><\/span><\/p>\n<p class=\"small\">Your data will not be communicated to third parties or used for any other purpose. In compliance with Regulation (EU) 2016\/679, the General Data Protection Regulation, we hereby inform you that you may exercise your right of access, rectification, erasure or objection by sending an e-mail to the address: &#x69;&#x6e;&#x66;&#x6f;&#x40;&#116;&#114;&#101;&#101;loc&#x2e;&#x63;&#x6f;&#x6d; indicating the right you wish to exercise and identifying yourself accordingly. We would also like to inform you that you may file a claim with the Spanish Agency for Data Protection if you consider that your rights have been violated. Your data will be kept until the end of the limitation of liability. If you do not give your consent, it will not be possible to meet your request for information.<\/p>\n<\/div>\n<div class=\"wpcf7-response-output\" aria-hidden=\"true\"><\/div><\/form><\/div>[\/vc_column][vc_column width=&#8221;1\/6&#8243;][\/vc_column][\/vc_row][vc_column][\/vc_column][vc_column_inner width=&#8221;2\/3&#8243;][\/vc_column_inner][vc_column_text el_class=&#8221;subtitle&#8221;][\/vc_column_text][vc_row][vc_column][vc_empty_space height=&#8221;100px&#8221;][\/vc_column][\/vc_row]<\/p>\n","protected":false},"excerpt":{"rendered":"<p>[vc_row full_width=&#8221;stretch_row&#8221; full_height=&#8221;yes&#8221; content_placement=&#8221;middle&#8221; el_class=&#8221;hero topfix&#8221;][vc_column width=&#8221;5\/12&#8243; css=&#8221;.vc_custom_1655969132850{margin-top: 60px !important;margin-bottom: 70px !important;}&#8221;][vc_column_text]TREELOC Andorran Translation Agency [\/vc_column_text][vc_column_text el_class=&#8221;subtitle&#8221;]We are one of the most important companies in the translation industry; located in Barcelona, and now also in [&hellip;]<\/p>\n","protected":false},"author":13,"featured_media":0,"parent":0,"menu_order":0,"comment_status":"closed","ping_status":"closed","template":"","meta":{"_monsterinsights_skip_tracking":false,"_monsterinsights_sitenote_active":false,"_monsterinsights_sitenote_note":"","_monsterinsights_sitenote_category":0},"acf":[],"yoast_head":"<!-- This site is optimized with the Yoast SEO plugin v19.7.1 - https:\/\/yoast.com\/wordpress\/plugins\/seo\/ -->\n<title>Andorran Translation Agency Treeloc.Ad<\/title>\n<meta name=\"description\" content=\"Discover our professional translation agency in Andorra. Consult us for our services without obligation.\" \/>\n<meta name=\"robots\" content=\"index, follow, max-snippet:-1, max-image-preview:large, max-video-preview:-1\" \/>\n<link rel=\"canonical\" href=\"https:\/\/treeloc.ad\/en\/\" \/>\n<meta property=\"og:locale\" content=\"en_US\" \/>\n<meta property=\"og:type\" content=\"article\" \/>\n<meta property=\"og:title\" content=\"Andorran Translation Agency Treeloc.Ad\" \/>\n<meta property=\"og:description\" content=\"Discover our professional translation agency in Andorra. Consult us for our services without obligation.\" \/>\n<meta property=\"og:url\" content=\"https:\/\/treeloc.ad\/en\/\" \/>\n<meta property=\"og:site_name\" content=\"Treeloc. Agencia de traducci\u00f3n t\u00e9cnica en Barcelona.\" \/>\n<meta property=\"article:publisher\" content=\"https:\/\/www.facebook.com\/Treeloc\/\" \/>\n<meta property=\"article:modified_time\" content=\"2025-01-19T17:38:36+00:00\" \/>\n<meta name=\"twitter:card\" content=\"summary_large_image\" \/>\n<meta name=\"twitter:label1\" content=\"Est. reading time\" \/>\n\t<meta name=\"twitter:data1\" content=\"5 minutes\" \/>\n<script type=\"application\/ld+json\" class=\"yoast-schema-graph\">{\"@context\":\"https:\/\/schema.org\",\"@graph\":[{\"@type\":\"WebPage\",\"@id\":\"https:\/\/treeloc.ad\/en\/\",\"url\":\"https:\/\/treeloc.ad\/en\/\",\"name\":\"Andorran Translation Agency Treeloc.Ad\",\"isPartOf\":{\"@id\":\"https:\/\/treeloc.ad\/#website\"},\"datePublished\":\"2022-06-06T11:01:22+00:00\",\"dateModified\":\"2025-01-19T17:38:36+00:00\",\"description\":\"Discover our professional translation agency in Andorra. Consult us for our services without obligation.\",\"breadcrumb\":{\"@id\":\"https:\/\/treeloc.ad\/en\/#breadcrumb\"},\"inLanguage\":\"en-US\",\"potentialAction\":[{\"@type\":\"ReadAction\",\"target\":[\"https:\/\/treeloc.ad\/en\/\"]}]},{\"@type\":\"BreadcrumbList\",\"@id\":\"https:\/\/treeloc.ad\/en\/#breadcrumb\",\"itemListElement\":[{\"@type\":\"ListItem\",\"position\":1,\"name\":\"Portada\",\"item\":\"https:\/\/treeloc.ad\/en\/\"},{\"@type\":\"ListItem\",\"position\":2,\"name\":\"Treeloc. We make your project reach the whole world\"}]},{\"@type\":\"WebSite\",\"@id\":\"https:\/\/treeloc.ad\/#website\",\"url\":\"https:\/\/treeloc.ad\/\",\"name\":\"Treeloc\",\"description\":\"Agencia de traducci\u00f3n t\u00e9cnica con experiencia en sectores de las tecnolog\u00edas, la ingenier\u00eda y la medicina. Certificaciones ISO y partners de SAP.\",\"publisher\":{\"@id\":\"https:\/\/treeloc.ad\/#organization\"},\"potentialAction\":[{\"@type\":\"SearchAction\",\"target\":{\"@type\":\"EntryPoint\",\"urlTemplate\":\"https:\/\/treeloc.ad\/?s={search_term_string}\"},\"query-input\":\"required name=search_term_string\"}],\"inLanguage\":\"en-US\"},{\"@type\":\"Organization\",\"@id\":\"https:\/\/treeloc.ad\/#organization\",\"name\":\"Treeloc\",\"url\":\"https:\/\/treeloc.ad\/\",\"sameAs\":[\"https:\/\/www.linkedin.com\/company\/treeloc\/\",\"https:\/\/www.facebook.com\/Treeloc\/\"],\"logo\":{\"@type\":\"ImageObject\",\"inLanguage\":\"en-US\",\"@id\":\"https:\/\/treeloc.ad\/#\/schema\/logo\/image\/\",\"url\":\"https:\/\/treeloc.ad\/wp-content\/uploads\/2020\/04\/TREELOC-Brand1X.png\",\"contentUrl\":\"https:\/\/treeloc.ad\/wp-content\/uploads\/2020\/04\/TREELOC-Brand1X.png\",\"width\":169,\"height\":49,\"caption\":\"Treeloc\"},\"image\":{\"@id\":\"https:\/\/treeloc.ad\/#\/schema\/logo\/image\/\"}}]}<\/script>\n<!-- \/ Yoast SEO plugin. -->","yoast_head_json":{"title":"Andorran Translation Agency Treeloc.Ad","description":"Discover our professional translation agency in Andorra. Consult us for our services without obligation.","robots":{"index":"index","follow":"follow","max-snippet":"max-snippet:-1","max-image-preview":"max-image-preview:large","max-video-preview":"max-video-preview:-1"},"canonical":"https:\/\/treeloc.ad\/en\/","og_locale":"en_US","og_type":"article","og_title":"Andorran Translation Agency Treeloc.Ad","og_description":"Discover our professional translation agency in Andorra. Consult us for our services without obligation.","og_url":"https:\/\/treeloc.ad\/en\/","og_site_name":"Treeloc. Agencia de traducci\u00f3n t\u00e9cnica en Barcelona.","article_publisher":"https:\/\/www.facebook.com\/Treeloc\/","article_modified_time":"2025-01-19T17:38:36+00:00","twitter_card":"summary_large_image","twitter_misc":{"Est. reading time":"5 minutes"},"schema":{"@context":"https:\/\/schema.org","@graph":[{"@type":"WebPage","@id":"https:\/\/treeloc.ad\/en\/","url":"https:\/\/treeloc.ad\/en\/","name":"Andorran Translation Agency Treeloc.Ad","isPartOf":{"@id":"https:\/\/treeloc.ad\/#website"},"datePublished":"2022-06-06T11:01:22+00:00","dateModified":"2025-01-19T17:38:36+00:00","description":"Discover our professional translation agency in Andorra. Consult us for our services without obligation.","breadcrumb":{"@id":"https:\/\/treeloc.ad\/en\/#breadcrumb"},"inLanguage":"en-US","potentialAction":[{"@type":"ReadAction","target":["https:\/\/treeloc.ad\/en\/"]}]},{"@type":"BreadcrumbList","@id":"https:\/\/treeloc.ad\/en\/#breadcrumb","itemListElement":[{"@type":"ListItem","position":1,"name":"Portada","item":"https:\/\/treeloc.ad\/en\/"},{"@type":"ListItem","position":2,"name":"Treeloc. We make your project reach the whole world"}]},{"@type":"WebSite","@id":"https:\/\/treeloc.ad\/#website","url":"https:\/\/treeloc.ad\/","name":"Treeloc","description":"Agencia de traducci\u00f3n t\u00e9cnica con experiencia en sectores de las tecnolog\u00edas, la ingenier\u00eda y la medicina. Certificaciones ISO y partners de SAP.","publisher":{"@id":"https:\/\/treeloc.ad\/#organization"},"potentialAction":[{"@type":"SearchAction","target":{"@type":"EntryPoint","urlTemplate":"https:\/\/treeloc.ad\/?s={search_term_string}"},"query-input":"required name=search_term_string"}],"inLanguage":"en-US"},{"@type":"Organization","@id":"https:\/\/treeloc.ad\/#organization","name":"Treeloc","url":"https:\/\/treeloc.ad\/","sameAs":["https:\/\/www.linkedin.com\/company\/treeloc\/","https:\/\/www.facebook.com\/Treeloc\/"],"logo":{"@type":"ImageObject","inLanguage":"en-US","@id":"https:\/\/treeloc.ad\/#\/schema\/logo\/image\/","url":"https:\/\/treeloc.ad\/wp-content\/uploads\/2020\/04\/TREELOC-Brand1X.png","contentUrl":"https:\/\/treeloc.ad\/wp-content\/uploads\/2020\/04\/TREELOC-Brand1X.png","width":169,"height":49,"caption":"Treeloc"},"image":{"@id":"https:\/\/treeloc.ad\/#\/schema\/logo\/image\/"}}]}},"_links":{"self":[{"href":"https:\/\/treeloc.ad\/en\/wp-json\/wp\/v2\/pages\/2759"}],"collection":[{"href":"https:\/\/treeloc.ad\/en\/wp-json\/wp\/v2\/pages"}],"about":[{"href":"https:\/\/treeloc.ad\/en\/wp-json\/wp\/v2\/types\/page"}],"author":[{"embeddable":true,"href":"https:\/\/treeloc.ad\/en\/wp-json\/wp\/v2\/users\/13"}],"replies":[{"embeddable":true,"href":"https:\/\/treeloc.ad\/en\/wp-json\/wp\/v2\/comments?post=2759"}],"version-history":[{"count":134,"href":"https:\/\/treeloc.ad\/en\/wp-json\/wp\/v2\/pages\/2759\/revisions"}],"predecessor-version":[{"id":3263,"href":"https:\/\/treeloc.ad\/en\/wp-json\/wp\/v2\/pages\/2759\/revisions\/3263"}],"wp:attachment":[{"href":"https:\/\/treeloc.ad\/en\/wp-json\/wp\/v2\/media?parent=2759"}],"curies":[{"name":"wp","href":"https:\/\/api.w.org\/{rel}","templated":true}]}}