{"id":3243,"date":"2025-01-19T19:21:11","date_gmt":"2025-01-19T17:21:11","guid":{"rendered":"https:\/\/treeloc.ad\/?page_id=3243"},"modified":"2025-01-19T19:21:11","modified_gmt":"2025-01-19T17:21:11","slug":"document-translation-andorra","status":"publish","type":"page","link":"https:\/\/treeloc.ad\/en\/document-translation-andorra\/","title":{"rendered":"Document Translation Andorra"},"content":{"rendered":"<p>[vc_row full_width=&#8221;stretch_row&#8221; full_height=&#8221;yes&#8221; content_placement=&#8221;middle&#8221; el_class=&#8221;hero topfix&#8221;][vc_column width=&#8221;5\/12&#8243; css=&#8221;.vc_custom_1655969132850{margin-top: 60px !important;margin-bottom: 70px !important;}&#8221;][vc_column_text]TREELOC<\/p>\n<h1>Document Translation Andorra<\/h1>\n<p>[\/vc_column_text][vc_column_text el_class=&#8221;subtitle&#8221;]At our translation agency in Andorra, we offer a professional document translation service, tailored to the needs of companies, individuals and institutions. We understand the importance of conveying content accurately and faithfully, while maintaining the tone, structure and intent of the original text. We translate a wide variety of documents, such as contracts, reports, technical manuals, certificates, academic texts and advertising material, among others. Our team of specialized translators works with multiple languages \u200b\u200band sectors, guaranteeing high-quality results in each project. In addition, we ensure absolute confidentiality and compliance with deadlines, adapting to the specifications of each client. Whether for personal, legal, business or academic purposes, our goal is to offer clear, accurate and culturally adapted translations.[\/vc_column_text][vc_btn title=&#8221;Calculate your quote&#8221; style=&#8221;flat&#8221; color=&#8221;black&#8221; size=&#8221;lg&#8221; link=&#8221;url:https%3A%2F%2Fwww.treeloc.com%2Findex.php%2Fcalculate-your-quotation%2F%3Flang%3Den&#8221;][\/vc_column][vc_column width=&#8221;7\/12&#8243; el_class=&#8221;graphic&#8221;][vc_single_image image=&#8221;1768&#8243; img_size=&#8221;full&#8221; alignment=&#8221;center&#8221;][\/vc_column][\/vc_row][vc_row full_width=&#8221;stretch_row&#8221; equal_height=&#8221;yes&#8221; content_placement=&#8221;middle&#8221; el_class=&#8221;.treelocbg&#8221;][vc_column width=&#8221;1\/6&#8243;][\/vc_column][vc_column width=&#8221;2\/3&#8243;][vc_column_text]<\/p>\n<p style=\"text-align: center;\">Complete the contact form<\/p>\n<p><center><span style=\"font-size: 45px;\">Contact us<\/span><\/center><\/p>\n<p style=\"text-align: center;\">Tell us what you need and we&#8217;ll get back to you very soon.<\/p>\n<p>[\/vc_column_text][vc_empty_space]<div role=\"form\" class=\"wpcf7\" id=\"wpcf7-f1830-o1\" lang=\"en-US\" dir=\"ltr\">\n<div class=\"screen-reader-response\"><p role=\"status\" aria-live=\"polite\" aria-atomic=\"true\"><\/p> <ul><\/ul><\/div>\n<form action=\"\/en\/wp-json\/wp\/v2\/pages\/3243#wpcf7-f1830-o1\" method=\"post\" class=\"wpcf7-form init wpcf7-acceptance-as-validation\" novalidate=\"novalidate\" data-status=\"init\">\n<div style=\"display: none;\">\n<input type=\"hidden\" name=\"_wpcf7\" value=\"1830\" \/>\n<input type=\"hidden\" name=\"_wpcf7_version\" value=\"5.5.6.1\" \/>\n<input type=\"hidden\" name=\"_wpcf7_locale\" value=\"en_US\" \/>\n<input type=\"hidden\" name=\"_wpcf7_unit_tag\" value=\"wpcf7-f1830-o1\" \/>\n<input type=\"hidden\" name=\"_wpcf7_container_post\" value=\"0\" \/>\n<input type=\"hidden\" name=\"_wpcf7_posted_data_hash\" value=\"\" \/>\n<\/div>\n<div class=\"formleft\">\n<label> First Name & Last Name(s)*<br \/>\n    <span class=\"wpcf7-form-control-wrap your-name\"><input type=\"text\" name=\"your-name\" value=\"\" size=\"40\" class=\"wpcf7-form-control wpcf7-text wpcf7-validates-as-required\" aria-required=\"true\" aria-invalid=\"false\" \/><\/span> <\/label><label> E-mail*<br \/>\n    <span class=\"wpcf7-form-control-wrap your-email\"><input type=\"email\" name=\"your-email\" value=\"\" size=\"40\" class=\"wpcf7-form-control wpcf7-text wpcf7-email wpcf7-validates-as-required wpcf7-validates-as-email\" aria-required=\"true\" aria-invalid=\"false\" \/><\/span> <\/label>\n<\/div>\n<div class=\"formright\">\n<label> Company<br \/>\n    <span class=\"wpcf7-form-control-wrap your-company\"><input type=\"text\" name=\"your-company\" value=\"\" size=\"40\" class=\"wpcf7-form-control wpcf7-text\" aria-invalid=\"false\" \/><\/span> <\/label><label> Phone no.*<br \/>\n    <span class=\"wpcf7-form-control-wrap your-phone\"><input type=\"tel\" name=\"your-phone\" value=\"\" size=\"40\" class=\"wpcf7-form-control wpcf7-text wpcf7-tel wpcf7-validates-as-required wpcf7-validates-as-tel\" aria-required=\"true\" aria-invalid=\"false\" \/><\/span> <\/label>\n<\/div>\n<div class=\"formbottom\">\n<label> Message<br \/>\n    <span class=\"wpcf7-form-control-wrap your-message\"><textarea name=\"your-message\" cols=\"40\" rows=\"10\" class=\"wpcf7-form-control wpcf7-textarea\" aria-invalid=\"false\"><\/textarea><\/span> <\/label><\/p>\n<p><input type=\"submit\" value=\"Send your message\" class=\"wpcf7-form-control has-spinner wpcf7-submit\" \/><\/p>\n<p class=\"small\"><span class=\"wpcf7-form-control-wrap acceptance-59\"><span class=\"wpcf7-form-control wpcf7-acceptance\"><span class=\"wpcf7-list-item\"><label><input type=\"checkbox\" name=\"acceptance-59\" value=\"1\" aria-invalid=\"false\" \/><span class=\"wpcf7-list-item-label\">I have read the <a href=\"\/privacidad\/\" target=\"_blank\">Privacy Policy<\/a> and I authorize the processing of my data.<\/span><\/label><\/span><\/span><\/span><\/p>\n<p class=\"small\">Your data will not be communicated to third parties or used for any other purpose. In compliance with Regulation (EU) 2016\/679, the General Data Protection Regulation, we hereby inform you that you may exercise your right of access, rectification, erasure or objection by sending an e-mail to the address: &#x69;&#x6e;&#x66;&#x6f;&#x40;&#x74;&#x72;&#x65;&#x65;&#x6c;&#x6f;&#x63;&#x2e;&#x63;&#x6f;&#x6d; indicating the right you wish to exercise and identifying yourself accordingly. We would also like to inform you that you may file a claim with the Spanish Agency for Data Protection if you consider that your rights have been violated. Your data will be kept until the end of the limitation of liability. If you do not give your consent, it will not be possible to meet your request for information.<\/p>\n<\/div>\n<div class=\"wpcf7-response-output\" aria-hidden=\"true\"><\/div><\/form><\/div>[\/vc_column][vc_column width=&#8221;1\/6&#8243;][\/vc_column][\/vc_row][vc_column][\/vc_column][vc_column_inner width=&#8221;2\/3&#8243;][\/vc_column_inner][vc_column_text el_class=&#8221;subtitle&#8221;][\/vc_column_text][vc_row][vc_column][vc_empty_space height=&#8221;100px&#8221;][\/vc_column][\/vc_row]<\/p>\n","protected":false},"excerpt":{"rendered":"<p>[vc_row full_width=&#8221;stretch_row&#8221; full_height=&#8221;yes&#8221; content_placement=&#8221;middle&#8221; el_class=&#8221;hero topfix&#8221;][vc_column width=&#8221;5\/12&#8243; css=&#8221;.vc_custom_1655969132850{margin-top: 60px !important;margin-bottom: 70px !important;}&#8221;][vc_column_text]TREELOC Document Translation Andorra [\/vc_column_text][vc_column_text el_class=&#8221;subtitle&#8221;]At our translation agency in Andorra, we offer a professional document translation service, tailored to the needs of companies, [&hellip;]<\/p>\n","protected":false},"author":15,"featured_media":0,"parent":0,"menu_order":0,"comment_status":"closed","ping_status":"closed","template":"","meta":{"_monsterinsights_skip_tracking":false,"_monsterinsights_sitenote_active":false,"_monsterinsights_sitenote_note":"","_monsterinsights_sitenote_category":0},"acf":[],"yoast_head":"<!-- This site is optimized with the Yoast SEO plugin v19.7.1 - https:\/\/yoast.com\/wordpress\/plugins\/seo\/ -->\n<title>Document Translation Andorra Treeloc.AD<\/title>\n<meta name=\"description\" content=\"At our translation agency in Andorra, we offer a professional document translation service, tailored to the needs of companies, individuals and institutions.\" \/>\n<meta name=\"robots\" content=\"index, follow, max-snippet:-1, max-image-preview:large, max-video-preview:-1\" \/>\n<link rel=\"canonical\" href=\"https:\/\/treeloc.ad\/en\/document-translation-andorra\/\" \/>\n<meta property=\"og:locale\" content=\"en_US\" \/>\n<meta property=\"og:type\" content=\"article\" \/>\n<meta property=\"og:title\" content=\"Document Translation Andorra Treeloc.AD\" \/>\n<meta property=\"og:description\" content=\"At our translation agency in Andorra, we offer a professional document translation service, tailored to the needs of companies, individuals and institutions.\" \/>\n<meta property=\"og:url\" content=\"https:\/\/treeloc.ad\/en\/document-translation-andorra\/\" \/>\n<meta property=\"og:site_name\" content=\"Treeloc. Agencia de traducci\u00f3n t\u00e9cnica en Barcelona.\" \/>\n<meta property=\"article:publisher\" content=\"https:\/\/www.facebook.com\/Treeloc\/\" \/>\n<meta name=\"twitter:card\" content=\"summary_large_image\" \/>\n<meta name=\"twitter:label1\" content=\"Est. reading time\" \/>\n\t<meta name=\"twitter:data1\" content=\"1 minute\" \/>\n<script type=\"application\/ld+json\" class=\"yoast-schema-graph\">{\"@context\":\"https:\/\/schema.org\",\"@graph\":[{\"@type\":\"WebPage\",\"@id\":\"https:\/\/treeloc.ad\/en\/document-translation-andorra\/\",\"url\":\"https:\/\/treeloc.ad\/en\/document-translation-andorra\/\",\"name\":\"Document Translation Andorra Treeloc.AD\",\"isPartOf\":{\"@id\":\"https:\/\/treeloc.ad\/#website\"},\"datePublished\":\"2025-01-19T17:21:11+00:00\",\"dateModified\":\"2025-01-19T17:21:11+00:00\",\"description\":\"At our translation agency in Andorra, we offer a professional document translation service, tailored to the needs of companies, individuals and institutions.\",\"breadcrumb\":{\"@id\":\"https:\/\/treeloc.ad\/en\/document-translation-andorra\/#breadcrumb\"},\"inLanguage\":\"en-US\",\"potentialAction\":[{\"@type\":\"ReadAction\",\"target\":[\"https:\/\/treeloc.ad\/en\/document-translation-andorra\/\"]}]},{\"@type\":\"BreadcrumbList\",\"@id\":\"https:\/\/treeloc.ad\/en\/document-translation-andorra\/#breadcrumb\",\"itemListElement\":[{\"@type\":\"ListItem\",\"position\":1,\"name\":\"Portada\",\"item\":\"https:\/\/treeloc.ad\/en\/\"},{\"@type\":\"ListItem\",\"position\":2,\"name\":\"Document Translation Andorra\"}]},{\"@type\":\"WebSite\",\"@id\":\"https:\/\/treeloc.ad\/#website\",\"url\":\"https:\/\/treeloc.ad\/\",\"name\":\"Treeloc\",\"description\":\"Agencia de traducci\u00f3n t\u00e9cnica con experiencia en sectores de las tecnolog\u00edas, la ingenier\u00eda y la medicina. Certificaciones ISO y partners de SAP.\",\"publisher\":{\"@id\":\"https:\/\/treeloc.ad\/#organization\"},\"potentialAction\":[{\"@type\":\"SearchAction\",\"target\":{\"@type\":\"EntryPoint\",\"urlTemplate\":\"https:\/\/treeloc.ad\/?s={search_term_string}\"},\"query-input\":\"required name=search_term_string\"}],\"inLanguage\":\"en-US\"},{\"@type\":\"Organization\",\"@id\":\"https:\/\/treeloc.ad\/#organization\",\"name\":\"Treeloc\",\"url\":\"https:\/\/treeloc.ad\/\",\"sameAs\":[\"https:\/\/www.linkedin.com\/company\/treeloc\/\",\"https:\/\/www.facebook.com\/Treeloc\/\"],\"logo\":{\"@type\":\"ImageObject\",\"inLanguage\":\"en-US\",\"@id\":\"https:\/\/treeloc.ad\/#\/schema\/logo\/image\/\",\"url\":\"https:\/\/treeloc.ad\/wp-content\/uploads\/2020\/04\/TREELOC-Brand1X.png\",\"contentUrl\":\"https:\/\/treeloc.ad\/wp-content\/uploads\/2020\/04\/TREELOC-Brand1X.png\",\"width\":169,\"height\":49,\"caption\":\"Treeloc\"},\"image\":{\"@id\":\"https:\/\/treeloc.ad\/#\/schema\/logo\/image\/\"}}]}<\/script>\n<!-- \/ Yoast SEO plugin. -->","yoast_head_json":{"title":"Document Translation Andorra Treeloc.AD","description":"At our translation agency in Andorra, we offer a professional document translation service, tailored to the needs of companies, individuals and institutions.","robots":{"index":"index","follow":"follow","max-snippet":"max-snippet:-1","max-image-preview":"max-image-preview:large","max-video-preview":"max-video-preview:-1"},"canonical":"https:\/\/treeloc.ad\/en\/document-translation-andorra\/","og_locale":"en_US","og_type":"article","og_title":"Document Translation Andorra Treeloc.AD","og_description":"At our translation agency in Andorra, we offer a professional document translation service, tailored to the needs of companies, individuals and institutions.","og_url":"https:\/\/treeloc.ad\/en\/document-translation-andorra\/","og_site_name":"Treeloc. Agencia de traducci\u00f3n t\u00e9cnica en Barcelona.","article_publisher":"https:\/\/www.facebook.com\/Treeloc\/","twitter_card":"summary_large_image","twitter_misc":{"Est. reading time":"1 minute"},"schema":{"@context":"https:\/\/schema.org","@graph":[{"@type":"WebPage","@id":"https:\/\/treeloc.ad\/en\/document-translation-andorra\/","url":"https:\/\/treeloc.ad\/en\/document-translation-andorra\/","name":"Document Translation Andorra Treeloc.AD","isPartOf":{"@id":"https:\/\/treeloc.ad\/#website"},"datePublished":"2025-01-19T17:21:11+00:00","dateModified":"2025-01-19T17:21:11+00:00","description":"At our translation agency in Andorra, we offer a professional document translation service, tailored to the needs of companies, individuals and institutions.","breadcrumb":{"@id":"https:\/\/treeloc.ad\/en\/document-translation-andorra\/#breadcrumb"},"inLanguage":"en-US","potentialAction":[{"@type":"ReadAction","target":["https:\/\/treeloc.ad\/en\/document-translation-andorra\/"]}]},{"@type":"BreadcrumbList","@id":"https:\/\/treeloc.ad\/en\/document-translation-andorra\/#breadcrumb","itemListElement":[{"@type":"ListItem","position":1,"name":"Portada","item":"https:\/\/treeloc.ad\/en\/"},{"@type":"ListItem","position":2,"name":"Document Translation Andorra"}]},{"@type":"WebSite","@id":"https:\/\/treeloc.ad\/#website","url":"https:\/\/treeloc.ad\/","name":"Treeloc","description":"Agencia de traducci\u00f3n t\u00e9cnica con experiencia en sectores de las tecnolog\u00edas, la ingenier\u00eda y la medicina. Certificaciones ISO y partners de SAP.","publisher":{"@id":"https:\/\/treeloc.ad\/#organization"},"potentialAction":[{"@type":"SearchAction","target":{"@type":"EntryPoint","urlTemplate":"https:\/\/treeloc.ad\/?s={search_term_string}"},"query-input":"required name=search_term_string"}],"inLanguage":"en-US"},{"@type":"Organization","@id":"https:\/\/treeloc.ad\/#organization","name":"Treeloc","url":"https:\/\/treeloc.ad\/","sameAs":["https:\/\/www.linkedin.com\/company\/treeloc\/","https:\/\/www.facebook.com\/Treeloc\/"],"logo":{"@type":"ImageObject","inLanguage":"en-US","@id":"https:\/\/treeloc.ad\/#\/schema\/logo\/image\/","url":"https:\/\/treeloc.ad\/wp-content\/uploads\/2020\/04\/TREELOC-Brand1X.png","contentUrl":"https:\/\/treeloc.ad\/wp-content\/uploads\/2020\/04\/TREELOC-Brand1X.png","width":169,"height":49,"caption":"Treeloc"},"image":{"@id":"https:\/\/treeloc.ad\/#\/schema\/logo\/image\/"}}]}},"_links":{"self":[{"href":"https:\/\/treeloc.ad\/en\/wp-json\/wp\/v2\/pages\/3243"}],"collection":[{"href":"https:\/\/treeloc.ad\/en\/wp-json\/wp\/v2\/pages"}],"about":[{"href":"https:\/\/treeloc.ad\/en\/wp-json\/wp\/v2\/types\/page"}],"author":[{"embeddable":true,"href":"https:\/\/treeloc.ad\/en\/wp-json\/wp\/v2\/users\/15"}],"replies":[{"embeddable":true,"href":"https:\/\/treeloc.ad\/en\/wp-json\/wp\/v2\/comments?post=3243"}],"version-history":[{"count":1,"href":"https:\/\/treeloc.ad\/en\/wp-json\/wp\/v2\/pages\/3243\/revisions"}],"predecessor-version":[{"id":3246,"href":"https:\/\/treeloc.ad\/en\/wp-json\/wp\/v2\/pages\/3243\/revisions\/3246"}],"wp:attachment":[{"href":"https:\/\/treeloc.ad\/en\/wp-json\/wp\/v2\/media?parent=3243"}],"curies":[{"name":"wp","href":"https:\/\/api.w.org\/{rel}","templated":true}]}}