{"id":1057,"date":"2020-07-24T17:01:23","date_gmt":"2020-07-24T15:01:23","guid":{"rendered":"https:\/\/treeloc.ad\/?page_id=1057"},"modified":"2025-01-18T19:05:48","modified_gmt":"2025-01-18T17:05:48","slug":"aviso-legal","status":"publish","type":"page","link":"https:\/\/treeloc.ad\/es\/aviso-legal\/","title":{"rendered":"Aviso legal"},"content":{"rendered":"<p>[vc_row full_width=\u00bbstretch_row\u00bb el_class=\u00bbhero\u00bb css=\u00bb.vc_custom_1595602958788{padding-top: 100px !important;padding-bottom: 100px !important;}\u00bb][vc_column][vc_row_inner][vc_column_inner width=\u00bb2\/12&#8243;][\/vc_column_inner][vc_column_inner width=\u00bb8\/12&#8243;][vc_column_text el_class=\u00bbsubtitle center\u00bb css=\u00bb.vc_custom_1604319228492{margin-bottom: 30px !important;}\u00bb]<\/p>\n<h4>treeloc.com<\/h4>\n<h1>Aviso legal<\/h1>\n<p>[\/vc_column_text][vc_column_text css=\u00bb.vc_custom_1601888870908{margin-top: 40px !important;}\u00bb]El presente es un aviso legal de obligada visualizaci\u00f3n que regula las condiciones de uso que deben ser observadas y acatadas por los usuarios de este sitio web. Rogamos su lectura atenta, ya que el hecho de acceder al sitio web implica que la lectura y aceptaci\u00f3n sin ninguna reserva de las condiciones que siguen.<\/p>\n<p><strong>1.- Condiciones de uso del sitio web<\/strong><br \/>\nEl usuario se compromete a hacer un uso diligente del sitio web y de los servicios accesibles desde el mismo, y a no utilizar los servicios o informaciones contenidos en el sitio web para desarrollar actividades contrarias a las leyes, a la moral y las buenas costumbres y al orden p\u00fablico; en general, se compromete tambi\u00e9n a hacer un uso conforme al presente aviso legal.<br \/>\nTreeloc podr\u00e1 interrumpir temporal o definitivamente, seg\u00fan su buen criterio, el acceso al sitio web, as\u00ed como la prestaci\u00f3n de cualquiera o de todos los servicios que se prestan a trav\u00e9s del mismo en cualquier momento y sin previo aviso.<\/p>\n<p><strong>2.- Derechos de propiedad intelectual<\/strong><\/p>\n<p>Treeloc es titular (o sus licenciantes, en caso de existir) de los derechos de propiedad intelectual e industrial de la totalidad de los contenidos de este sitio web. En cualquier caso, Treeloc dispone de la correspondiente autorizaci\u00f3n para dar el uso que crea conveniente a sus contenidos.<\/p>\n<p>Queda terminantemente prohibida la reproducci\u00f3n, excepto para uso privado, la puesta a disposici\u00f3n del p\u00fablico y en general cualquier otra forma de explotaci\u00f3n de la totalidad o parte de los contenidos de este sitio web, as\u00ed como de su dise\u00f1o. Estos actos de explotaci\u00f3n solo podr\u00e1n realizarse si media la autorizaci\u00f3n expresa de Treeloc y siempre que se haga referencia expl\u00edcita a la titularidad de Treeloc en cuanto a los indicados derechos de propiedad intelectual. En este sentido, aquellas personas que deseen establecer un link o hiperenlace entre su p\u00e1gina web y este sitio web deber\u00e1n recabar la autorizaci\u00f3n expresa y por escrito de Treeloc, sin que ello implique una relaci\u00f3n entre Treeloc y el titular de la p\u00e1gina en la que se establezca el hiperenlace, ni la aprobaci\u00f3n o aceptaci\u00f3n por parte de Treeloc de sus contenidos o servicios.<br \/>\nQueda terminantemente prohibido realizar, sin el previo consentimiento de Treeloc, cualquier manipulaci\u00f3n o alteraci\u00f3n de este sitio web. Consecuentemente, Treeloc no asumir\u00e1 ninguna responsabilidad derivada, o que pudiera derivarse, de dicha alteraci\u00f3n o manipulaci\u00f3n por parte de terceros.<\/p>\n<p><strong>3.- Limitaci\u00f3n de la responsabilidad<\/strong><br \/>\nA pesar de tomar todas las precauciones necesarias para proporcionarle en nuestro sitio informaciones actuales y exactas, Treeloc no puede garantizar el rigor ni la actualidad de toda la informaci\u00f3n facilitada, ni la inexistencia de errores u omisiones, debiendo ser usted consciente de que la informaci\u00f3n a la cual tiene acceso se suministra en las condiciones detalladas en el presente aviso legal, sin ninguna garant\u00eda de que las mismas sean exactas y actualizadas.<\/p>\n<p><strong>4.- Informaci\u00f3n de conformidad con la LSSI<\/strong><br \/>\nA los efectos del art. 10 de la Ley 34\/2002, de 11 de julio, de servicios de la sociedad de la informaci\u00f3n y de comercio electr\u00f3nico, se informa a los usuarios de la p\u00e1gina web que el titular del sitio web es la sociedad Treeloc, S.L. (Correo electr\u00f3nico: &#x69;&#110;f&#x6f;&#x40;&#116;r&#x65;&#x65;&#108;o&#x63;&#46;c&#x6f;&#x6d;) con domicilio social en calle Gran Via de les Corts Catalanes, 536, principal, Barcelona, provista de CIF n.\u00ba B-63319297 y cuyos datos registrales son los siguientes: Inscrita en el Registro Mercantil de Barcelona, Tomo 36.023, Folio 190, Hoja B-274.503.[\/vc_column_text][\/vc_column_inner][vc_column_inner width=\u00bb2\/12&#8243;][\/vc_column_inner][\/vc_row_inner][\/vc_column][\/vc_row]<\/p>\n","protected":false},"excerpt":{"rendered":"<p>[vc_row full_width=\u00bbstretch_row\u00bb el_class=\u00bbhero\u00bb css=\u00bb.vc_custom_1595602958788{padding-top: 100px !important;padding-bottom: 100px !important;}\u00bb][vc_column][vc_row_inner][vc_column_inner width=\u00bb2\/12&#8243;][\/vc_column_inner][vc_column_inner width=\u00bb8\/12&#8243;][vc_column_text el_class=\u00bbsubtitle center\u00bb css=\u00bb.vc_custom_1604319228492{margin-bottom: 30px !important;}\u00bb] treeloc.com Aviso legal [\/vc_column_text][vc_column_text css=\u00bb.vc_custom_1601888870908{margin-top: 40px !important;}\u00bb]El presente es un aviso legal de obligada visualizaci\u00f3n que regula las condiciones de [&hellip;]<\/p>\n","protected":false},"author":13,"featured_media":0,"parent":0,"menu_order":12,"comment_status":"closed","ping_status":"closed","template":"page-treelocbg.php","meta":{"_monsterinsights_skip_tracking":false,"_monsterinsights_sitenote_active":false,"_monsterinsights_sitenote_note":"","_monsterinsights_sitenote_category":0},"acf":[],"yoast_head":"<!-- This site is optimized with the Yoast SEO plugin v19.7.1 - https:\/\/yoast.com\/wordpress\/plugins\/seo\/ -->\n<title>Aviso legal - Treeloc. Agencia de traducci\u00f3n t\u00e9cnica en Barcelona.<\/title>\n<meta name=\"robots\" content=\"noindex, follow\" \/>\n<meta property=\"og:locale\" content=\"es_ES\" \/>\n<meta property=\"og:type\" content=\"article\" \/>\n<meta property=\"og:title\" content=\"Aviso legal - Treeloc. Agencia de traducci\u00f3n t\u00e9cnica en Barcelona.\" \/>\n<meta property=\"og:description\" content=\"[vc_row full_width=\u00bbstretch_row\u00bb el_class=\u00bbhero\u00bb css=\u00bb.vc_custom_1595602958788{padding-top: 100px !important;padding-bottom: 100px !important;}\u00bb][vc_column][vc_row_inner][vc_column_inner width=\u00bb2\/12&#8243;][\/vc_column_inner][vc_column_inner width=\u00bb8\/12&#8243;][vc_column_text el_class=\u00bbsubtitle center\u00bb css=\u00bb.vc_custom_1604319228492{margin-bottom: 30px !important;}\u00bb] treeloc.com Aviso legal [\/vc_column_text][vc_column_text css=\u00bb.vc_custom_1601888870908{margin-top: 40px !important;}\u00bb]El presente es un aviso legal de obligada visualizaci\u00f3n que regula las condiciones de [&hellip;]\" \/>\n<meta property=\"og:url\" content=\"https:\/\/treeloc.ad\/es\/aviso-legal\/\" \/>\n<meta property=\"og:site_name\" content=\"Treeloc. Agencia de traducci\u00f3n t\u00e9cnica en Barcelona.\" \/>\n<meta property=\"article:publisher\" content=\"https:\/\/www.facebook.com\/Treeloc\/\" \/>\n<meta property=\"article:modified_time\" content=\"2025-01-18T17:05:48+00:00\" \/>\n<meta name=\"twitter:card\" content=\"summary_large_image\" \/>\n<meta name=\"twitter:label1\" content=\"Tiempo de lectura\" \/>\n\t<meta name=\"twitter:data1\" content=\"4 minutos\" \/>\n<script type=\"application\/ld+json\" class=\"yoast-schema-graph\">{\"@context\":\"https:\/\/schema.org\",\"@graph\":[{\"@type\":\"WebPage\",\"@id\":\"https:\/\/treeloc.ad\/es\/aviso-legal\/\",\"url\":\"https:\/\/treeloc.ad\/es\/aviso-legal\/\",\"name\":\"Aviso legal - Treeloc. Agencia de traducci\u00f3n t\u00e9cnica en Barcelona.\",\"isPartOf\":{\"@id\":\"https:\/\/treeloc.ad\/#website\"},\"datePublished\":\"2020-07-24T15:01:23+00:00\",\"dateModified\":\"2025-01-18T17:05:48+00:00\",\"breadcrumb\":{\"@id\":\"https:\/\/treeloc.ad\/es\/aviso-legal\/#breadcrumb\"},\"inLanguage\":\"es\",\"potentialAction\":[{\"@type\":\"ReadAction\",\"target\":[\"https:\/\/treeloc.ad\/es\/aviso-legal\/\"]}]},{\"@type\":\"BreadcrumbList\",\"@id\":\"https:\/\/treeloc.ad\/es\/aviso-legal\/#breadcrumb\",\"itemListElement\":[{\"@type\":\"ListItem\",\"position\":1,\"name\":\"Portada\",\"item\":\"https:\/\/treeloc.ad\/en\/\"},{\"@type\":\"ListItem\",\"position\":2,\"name\":\"Aviso legal\"}]},{\"@type\":\"WebSite\",\"@id\":\"https:\/\/treeloc.ad\/#website\",\"url\":\"https:\/\/treeloc.ad\/\",\"name\":\"Treeloc\",\"description\":\"Agencia de traducci\u00f3n t\u00e9cnica con experiencia en sectores de las tecnolog\u00edas, la ingenier\u00eda y la medicina. Certificaciones ISO y partners de SAP.\",\"publisher\":{\"@id\":\"https:\/\/treeloc.ad\/#organization\"},\"potentialAction\":[{\"@type\":\"SearchAction\",\"target\":{\"@type\":\"EntryPoint\",\"urlTemplate\":\"https:\/\/treeloc.ad\/?s={search_term_string}\"},\"query-input\":\"required name=search_term_string\"}],\"inLanguage\":\"es\"},{\"@type\":\"Organization\",\"@id\":\"https:\/\/treeloc.ad\/#organization\",\"name\":\"Treeloc\",\"url\":\"https:\/\/treeloc.ad\/\",\"sameAs\":[\"https:\/\/www.linkedin.com\/company\/treeloc\/\",\"https:\/\/www.facebook.com\/Treeloc\/\"],\"logo\":{\"@type\":\"ImageObject\",\"inLanguage\":\"es\",\"@id\":\"https:\/\/treeloc.ad\/#\/schema\/logo\/image\/\",\"url\":\"https:\/\/treeloc.ad\/wp-content\/uploads\/2020\/04\/TREELOC-Brand1X.png\",\"contentUrl\":\"https:\/\/treeloc.ad\/wp-content\/uploads\/2020\/04\/TREELOC-Brand1X.png\",\"width\":169,\"height\":49,\"caption\":\"Treeloc\"},\"image\":{\"@id\":\"https:\/\/treeloc.ad\/#\/schema\/logo\/image\/\"}}]}<\/script>\n<!-- \/ Yoast SEO plugin. -->","yoast_head_json":{"title":"Aviso legal - Treeloc. Agencia de traducci\u00f3n t\u00e9cnica en Barcelona.","robots":{"index":"noindex","follow":"follow"},"og_locale":"es_ES","og_type":"article","og_title":"Aviso legal - Treeloc. Agencia de traducci\u00f3n t\u00e9cnica en Barcelona.","og_description":"[vc_row full_width=\u00bbstretch_row\u00bb el_class=\u00bbhero\u00bb css=\u00bb.vc_custom_1595602958788{padding-top: 100px !important;padding-bottom: 100px !important;}\u00bb][vc_column][vc_row_inner][vc_column_inner width=\u00bb2\/12&#8243;][\/vc_column_inner][vc_column_inner width=\u00bb8\/12&#8243;][vc_column_text el_class=\u00bbsubtitle center\u00bb css=\u00bb.vc_custom_1604319228492{margin-bottom: 30px !important;}\u00bb] treeloc.com Aviso legal [\/vc_column_text][vc_column_text css=\u00bb.vc_custom_1601888870908{margin-top: 40px !important;}\u00bb]El presente es un aviso legal de obligada visualizaci\u00f3n que regula las condiciones de [&hellip;]","og_url":"https:\/\/treeloc.ad\/es\/aviso-legal\/","og_site_name":"Treeloc. Agencia de traducci\u00f3n t\u00e9cnica en Barcelona.","article_publisher":"https:\/\/www.facebook.com\/Treeloc\/","article_modified_time":"2025-01-18T17:05:48+00:00","twitter_card":"summary_large_image","twitter_misc":{"Tiempo de lectura":"4 minutos"},"schema":{"@context":"https:\/\/schema.org","@graph":[{"@type":"WebPage","@id":"https:\/\/treeloc.ad\/es\/aviso-legal\/","url":"https:\/\/treeloc.ad\/es\/aviso-legal\/","name":"Aviso legal - Treeloc. Agencia de traducci\u00f3n t\u00e9cnica en Barcelona.","isPartOf":{"@id":"https:\/\/treeloc.ad\/#website"},"datePublished":"2020-07-24T15:01:23+00:00","dateModified":"2025-01-18T17:05:48+00:00","breadcrumb":{"@id":"https:\/\/treeloc.ad\/es\/aviso-legal\/#breadcrumb"},"inLanguage":"es","potentialAction":[{"@type":"ReadAction","target":["https:\/\/treeloc.ad\/es\/aviso-legal\/"]}]},{"@type":"BreadcrumbList","@id":"https:\/\/treeloc.ad\/es\/aviso-legal\/#breadcrumb","itemListElement":[{"@type":"ListItem","position":1,"name":"Portada","item":"https:\/\/treeloc.ad\/en\/"},{"@type":"ListItem","position":2,"name":"Aviso legal"}]},{"@type":"WebSite","@id":"https:\/\/treeloc.ad\/#website","url":"https:\/\/treeloc.ad\/","name":"Treeloc","description":"Agencia de traducci\u00f3n t\u00e9cnica con experiencia en sectores de las tecnolog\u00edas, la ingenier\u00eda y la medicina. Certificaciones ISO y partners de SAP.","publisher":{"@id":"https:\/\/treeloc.ad\/#organization"},"potentialAction":[{"@type":"SearchAction","target":{"@type":"EntryPoint","urlTemplate":"https:\/\/treeloc.ad\/?s={search_term_string}"},"query-input":"required name=search_term_string"}],"inLanguage":"es"},{"@type":"Organization","@id":"https:\/\/treeloc.ad\/#organization","name":"Treeloc","url":"https:\/\/treeloc.ad\/","sameAs":["https:\/\/www.linkedin.com\/company\/treeloc\/","https:\/\/www.facebook.com\/Treeloc\/"],"logo":{"@type":"ImageObject","inLanguage":"es","@id":"https:\/\/treeloc.ad\/#\/schema\/logo\/image\/","url":"https:\/\/treeloc.ad\/wp-content\/uploads\/2020\/04\/TREELOC-Brand1X.png","contentUrl":"https:\/\/treeloc.ad\/wp-content\/uploads\/2020\/04\/TREELOC-Brand1X.png","width":169,"height":49,"caption":"Treeloc"},"image":{"@id":"https:\/\/treeloc.ad\/#\/schema\/logo\/image\/"}}]}},"_links":{"self":[{"href":"https:\/\/treeloc.ad\/es\/wp-json\/wp\/v2\/pages\/1057"}],"collection":[{"href":"https:\/\/treeloc.ad\/es\/wp-json\/wp\/v2\/pages"}],"about":[{"href":"https:\/\/treeloc.ad\/es\/wp-json\/wp\/v2\/types\/page"}],"author":[{"embeddable":true,"href":"https:\/\/treeloc.ad\/es\/wp-json\/wp\/v2\/users\/13"}],"replies":[{"embeddable":true,"href":"https:\/\/treeloc.ad\/es\/wp-json\/wp\/v2\/comments?post=1057"}],"version-history":[{"count":9,"href":"https:\/\/treeloc.ad\/es\/wp-json\/wp\/v2\/pages\/1057\/revisions"}],"predecessor-version":[{"id":1942,"href":"https:\/\/treeloc.ad\/es\/wp-json\/wp\/v2\/pages\/1057\/revisions\/1942"}],"wp:attachment":[{"href":"https:\/\/treeloc.ad\/es\/wp-json\/wp\/v2\/media?parent=1057"}],"curies":[{"name":"wp","href":"https:\/\/api.w.org\/{rel}","templated":true}]}}