{"id":1064,"date":"2020-07-24T17:04:12","date_gmt":"2020-07-24T15:04:12","guid":{"rendered":"https:\/\/treeloc.ad\/?page_id=1064"},"modified":"2025-01-18T19:06:02","modified_gmt":"2025-01-18T17:06:02","slug":"politica-privacidad","status":"publish","type":"page","link":"https:\/\/treeloc.ad\/es\/politica-privacidad\/","title":{"rendered":"Pol\u00edtica de Privacidad"},"content":{"rendered":"<p>[vc_row full_width=\u00bbstretch_row\u00bb el_class=\u00bbhero\u00bb css=\u00bb.vc_custom_1595602958788{padding-top: 100px !important;padding-bottom: 100px !important;}\u00bb][vc_column][vc_row_inner][vc_column_inner width=\u00bb2\/12&#8243;][\/vc_column_inner][vc_column_inner width=\u00bb8\/12&#8243;][vc_column_text el_class=\u00bbsubtitle center\u00bb css=\u00bb.vc_custom_1595603047444{margin-bottom: 30px !important;}\u00bb]<\/p>\n<h4>treeloc.com<\/h4>\n<h1>Pol\u00edtica de Privacidad<\/h1>\n<p>[\/vc_column_text][vc_column_text css=\u00bb.vc_custom_1601888941830{margin-top: 40px !important;}\u00bb]A trav\u00e9s del presente aviso, Treeloc, S.L. (en adelante, \u201cTreeloc\u201d), con domicilio social en Barcelona, calle Gran Via de les Corts Catalanes, 536, principal, informa a los usuarios del sitio acerca de su POL\u00cdTICA DE PRIVACIDAD Y PROTECCI\u00d3N DE DATOS DE CAR\u00c1CTER PERSONAL.<\/p>\n<p>En cumplimiento de la Ley 15\/1999, de 13 de diciembre, de Protecci\u00f3n de Datos de Car\u00e1cter Personal, se informa que los datos de car\u00e1cter personal que en su caso sean facilitados por los usuarios se incluir\u00e1n en un fichero de datos personales cuyo responsable y titular es Treeloc.<\/p>\n<p>Asimismo, en caso de rellenar cualquiera de los formularios con los datos personales en \u00e9l solicitados y aceptar su env\u00edo, el usuario AUTORIZA EXPRESAMENTE a Treeloc para que trate e incorpore en el fichero automatizado de su propiedad los datos personales facilitados, as\u00ed como todos los datos que se generen en relaci\u00f3n con su participaci\u00f3n y\/o uso de las posibilidades que ofrece o pudieran ofrecerse en este sitio.<br \/>\nEn caso de que en los formularios se incluyeran datos de car\u00e1cter personal referentes a personas f\u00edsicas distintas de quien efect\u00faa la solicitud, esta \u00faltima deber\u00e1 informar a dichas personas de los extremos contenidos en el presente documento.<\/p>\n<p>Salvo que espec\u00edficamente se establezca lo contrario, se considerar\u00e1 necesario completar todos los datos de los campos de cada formulario, debiendo el usuario rellenar, en su caso, los formularios con datos verdaderos, exactos, completos y actualizados. El usuario ser\u00e1 el \u00fanico responsable de cualquier da\u00f1o o perjuicio, directo o indirecto, que pudiera ocasionar a Treeloc, o a cualquier tercero a causa de la cumplimentaci\u00f3n de los formularios con datos falsos, inexactos, incompletos o no actualizados. En tal sentido, el usuario garantiza que los datos personales en su caso facilitados son veraces y se hace responsable de comunicar a Treeloc cualquier modificaci\u00f3n en los mismos.<br \/>\nLa finalidad para la que se almacenan los datos personales recabados en el entorno de la presente p\u00e1gina web es gestionar la propia p\u00e1gina web, atender las necesidades operativas de la misma y las consultas que los usuarios remitan con relaci\u00f3n a los servicios ofrecidos por Treeloc, as\u00ed como contactar con los posibles colaboradores que faciliten sus datos personales a tal efecto.<\/p>\n<p>Los datos facilitados nunca se usar\u00e1n para una finalidad distinta a las anteriormente descritas, siendo inmediatamente cancelados cuando dejen de ser necesarios para tal fin.<\/p>\n<p>En caso de que Treeloc prestara alg\u00fan tipo de servicio especial en el que determine unas previsiones espec\u00edficas diferentes a las presentes en lo relativo a la protecci\u00f3n de los datos personales, tendr\u00e1 primac\u00eda la aplicaci\u00f3n de las normas particulares indicadas para ese servicio concreto, por encima de las presentes, en caso de incongruencia.<\/p>\n<p>Treeloc ha adoptado los niveles de seguridad de protecci\u00f3n de datos personales legalmente requeridos y ha instalado todos los medios y medidas t\u00e9cnicas a su alcance para evitar la p\u00e9rdida, mal uso, alteraci\u00f3n y acceso no autorizado a los datos personales incluidos en sus ficheros.<br \/>\nEl usuario podr\u00e1 ejercer los derechos a acceder a la informaci\u00f3n que le concierne que est\u00e9 recogida en los ficheros de Treeloc, rectificarla en caso de ser err\u00f3nea, cancelarla u oponerse a su tratamiento mediante el env\u00edo de un correo electr\u00f3nico a i&#110;&#x66;&#x6f;&#64;&#116;&#x72;&#x65;e&#108;&#111;&#x63;&#x2e;c&#111;&#x6d;, indicando en el asunto \u201cEjercicio derechos LOPD\u201d, o mediante una comunicaci\u00f3n escrita y firmada (adjuntando copia del DNI) dirigida a Treeloc, S.L., con domicilio social en Barcelona, calle Gran Via de les Corts Catalanes, 536, principal.<\/p>\n<p>La aceptaci\u00f3n por parte del usuario de que sus datos puedan ser tratados en la forma establecida en la presente Pol\u00edtica de privacidad tiene siempre car\u00e1cter revocable, sin efectos retroactivos, conforme a lo que dispone el art\u00edculo 6 de la Ley Org\u00e1nica 15\/1999 de 13 de diciembre.<\/p>\n<p>Treeloc comunica a los usuarios, a trav\u00e9s de este aviso, que utiliza cookies cuando el usuario navega por las diferentes pantallas y p\u00e1ginas del sitio. Las cookies utilizadas por Treeloc se almacenan en el disco duro del usuario, pero no pueden leer los datos contenidos en el disco ni leer los archivos de cookies creados por otros proveedores. No obstante, el usuario podr\u00e1 impedir la generaci\u00f3n de cookies mediante la opci\u00f3n correspondiente que tenga su programa navegador. Treeloc utiliza las cookies con el objeto de poder ofrecer un servicio mejor y m\u00e1s personalizado. Asimismo, las cookies se utilizan para obtener informaci\u00f3n acerca de la fecha y la hora de la \u00faltima visita del usuario, medir algunos par\u00e1metros de tr\u00e1fico dentro del propio sitio y estimar el n\u00famero de visitas realizadas, de manera que Treeloc pueda enfocar y ajustar los servicios de forma m\u00e1s efectiva.<\/p>\n<p>Treeloc se reserva el derecho a modificar su pol\u00edtica de protecci\u00f3n de datos seg\u00fan su propio criterio, o a causa de un cambio legislativo, de jurisprudencia o en la pr\u00e1ctica empresarial. Si Treeloc introdujera alguna modificaci\u00f3n, el nuevo texto se publicar\u00e1 en este mismo sitio, donde el usuario podr\u00e1 tener conocimiento de la pol\u00edtica de protecci\u00f3n de datos. En cualquier caso, la relaci\u00f3n con los usuarios se regir\u00e1 por las normas previstas en el momento preciso en que se accede al sitio.[\/vc_column_text][\/vc_column_inner][vc_column_inner width=\u00bb2\/12&#8243;][\/vc_column_inner][\/vc_row_inner][\/vc_column][\/vc_row]<\/p>\n","protected":false},"excerpt":{"rendered":"<p>[vc_row full_width=\u00bbstretch_row\u00bb el_class=\u00bbhero\u00bb css=\u00bb.vc_custom_1595602958788{padding-top: 100px !important;padding-bottom: 100px !important;}\u00bb][vc_column][vc_row_inner][vc_column_inner width=\u00bb2\/12&#8243;][\/vc_column_inner][vc_column_inner width=\u00bb8\/12&#8243;][vc_column_text el_class=\u00bbsubtitle center\u00bb css=\u00bb.vc_custom_1595603047444{margin-bottom: 30px !important;}\u00bb] treeloc.com Pol\u00edtica de Privacidad [\/vc_column_text][vc_column_text css=\u00bb.vc_custom_1601888941830{margin-top: 40px !important;}\u00bb]A trav\u00e9s del presente aviso, Treeloc, S.L. (en adelante, \u201cTreeloc\u201d), con domicilio social [&hellip;]<\/p>\n","protected":false},"author":13,"featured_media":0,"parent":0,"menu_order":12,"comment_status":"closed","ping_status":"closed","template":"page-treelocbg.php","meta":{"_monsterinsights_skip_tracking":false,"_monsterinsights_sitenote_active":false,"_monsterinsights_sitenote_note":"","_monsterinsights_sitenote_category":0},"acf":[],"yoast_head":"<!-- This site is optimized with the Yoast SEO plugin v19.7.1 - https:\/\/yoast.com\/wordpress\/plugins\/seo\/ -->\n<title>Pol\u00edtica de Privacidad - Treeloc. Agencia de traducci\u00f3n t\u00e9cnica en Barcelona.<\/title>\n<meta name=\"robots\" content=\"noindex, follow\" \/>\n<meta property=\"og:locale\" content=\"es_ES\" \/>\n<meta property=\"og:type\" content=\"article\" \/>\n<meta property=\"og:title\" content=\"Pol\u00edtica de Privacidad - Treeloc. Agencia de traducci\u00f3n t\u00e9cnica en Barcelona.\" \/>\n<meta property=\"og:description\" content=\"[vc_row full_width=\u00bbstretch_row\u00bb el_class=\u00bbhero\u00bb css=\u00bb.vc_custom_1595602958788{padding-top: 100px !important;padding-bottom: 100px !important;}\u00bb][vc_column][vc_row_inner][vc_column_inner width=\u00bb2\/12&#8243;][\/vc_column_inner][vc_column_inner width=\u00bb8\/12&#8243;][vc_column_text el_class=\u00bbsubtitle center\u00bb css=\u00bb.vc_custom_1595603047444{margin-bottom: 30px !important;}\u00bb] treeloc.com Pol\u00edtica de Privacidad [\/vc_column_text][vc_column_text css=\u00bb.vc_custom_1601888941830{margin-top: 40px !important;}\u00bb]A trav\u00e9s del presente aviso, Treeloc, S.L. (en adelante, \u201cTreeloc\u201d), con domicilio social [&hellip;]\" \/>\n<meta property=\"og:url\" content=\"https:\/\/treeloc.ad\/es\/politica-privacidad\/\" \/>\n<meta property=\"og:site_name\" content=\"Treeloc. Agencia de traducci\u00f3n t\u00e9cnica en Barcelona.\" \/>\n<meta property=\"article:publisher\" content=\"https:\/\/www.facebook.com\/Treeloc\/\" \/>\n<meta property=\"article:modified_time\" content=\"2025-01-18T17:06:02+00:00\" \/>\n<meta name=\"twitter:card\" content=\"summary_large_image\" \/>\n<meta name=\"twitter:label1\" content=\"Tiempo de lectura\" \/>\n\t<meta name=\"twitter:data1\" content=\"5 minutos\" \/>\n<script type=\"application\/ld+json\" class=\"yoast-schema-graph\">{\"@context\":\"https:\/\/schema.org\",\"@graph\":[{\"@type\":\"WebPage\",\"@id\":\"https:\/\/treeloc.ad\/es\/politica-privacidad\/\",\"url\":\"https:\/\/treeloc.ad\/es\/politica-privacidad\/\",\"name\":\"Pol\u00edtica de Privacidad - Treeloc. Agencia de traducci\u00f3n t\u00e9cnica en Barcelona.\",\"isPartOf\":{\"@id\":\"https:\/\/treeloc.ad\/#website\"},\"datePublished\":\"2020-07-24T15:04:12+00:00\",\"dateModified\":\"2025-01-18T17:06:02+00:00\",\"breadcrumb\":{\"@id\":\"https:\/\/treeloc.ad\/es\/politica-privacidad\/#breadcrumb\"},\"inLanguage\":\"es\",\"potentialAction\":[{\"@type\":\"ReadAction\",\"target\":[\"https:\/\/treeloc.ad\/es\/politica-privacidad\/\"]}]},{\"@type\":\"BreadcrumbList\",\"@id\":\"https:\/\/treeloc.ad\/es\/politica-privacidad\/#breadcrumb\",\"itemListElement\":[{\"@type\":\"ListItem\",\"position\":1,\"name\":\"Portada\",\"item\":\"https:\/\/treeloc.ad\/en\/\"},{\"@type\":\"ListItem\",\"position\":2,\"name\":\"Pol\u00edtica de Privacidad\"}]},{\"@type\":\"WebSite\",\"@id\":\"https:\/\/treeloc.ad\/#website\",\"url\":\"https:\/\/treeloc.ad\/\",\"name\":\"Treeloc\",\"description\":\"Agencia de traducci\u00f3n t\u00e9cnica con experiencia en sectores de las tecnolog\u00edas, la ingenier\u00eda y la medicina. Certificaciones ISO y partners de SAP.\",\"publisher\":{\"@id\":\"https:\/\/treeloc.ad\/#organization\"},\"potentialAction\":[{\"@type\":\"SearchAction\",\"target\":{\"@type\":\"EntryPoint\",\"urlTemplate\":\"https:\/\/treeloc.ad\/?s={search_term_string}\"},\"query-input\":\"required name=search_term_string\"}],\"inLanguage\":\"es\"},{\"@type\":\"Organization\",\"@id\":\"https:\/\/treeloc.ad\/#organization\",\"name\":\"Treeloc\",\"url\":\"https:\/\/treeloc.ad\/\",\"sameAs\":[\"https:\/\/www.linkedin.com\/company\/treeloc\/\",\"https:\/\/www.facebook.com\/Treeloc\/\"],\"logo\":{\"@type\":\"ImageObject\",\"inLanguage\":\"es\",\"@id\":\"https:\/\/treeloc.ad\/#\/schema\/logo\/image\/\",\"url\":\"https:\/\/treeloc.ad\/wp-content\/uploads\/2020\/04\/TREELOC-Brand1X.png\",\"contentUrl\":\"https:\/\/treeloc.ad\/wp-content\/uploads\/2020\/04\/TREELOC-Brand1X.png\",\"width\":169,\"height\":49,\"caption\":\"Treeloc\"},\"image\":{\"@id\":\"https:\/\/treeloc.ad\/#\/schema\/logo\/image\/\"}}]}<\/script>\n<!-- \/ Yoast SEO plugin. -->","yoast_head_json":{"title":"Pol\u00edtica de Privacidad - Treeloc. Agencia de traducci\u00f3n t\u00e9cnica en Barcelona.","robots":{"index":"noindex","follow":"follow"},"og_locale":"es_ES","og_type":"article","og_title":"Pol\u00edtica de Privacidad - Treeloc. Agencia de traducci\u00f3n t\u00e9cnica en Barcelona.","og_description":"[vc_row full_width=\u00bbstretch_row\u00bb el_class=\u00bbhero\u00bb css=\u00bb.vc_custom_1595602958788{padding-top: 100px !important;padding-bottom: 100px !important;}\u00bb][vc_column][vc_row_inner][vc_column_inner width=\u00bb2\/12&#8243;][\/vc_column_inner][vc_column_inner width=\u00bb8\/12&#8243;][vc_column_text el_class=\u00bbsubtitle center\u00bb css=\u00bb.vc_custom_1595603047444{margin-bottom: 30px !important;}\u00bb] treeloc.com Pol\u00edtica de Privacidad [\/vc_column_text][vc_column_text css=\u00bb.vc_custom_1601888941830{margin-top: 40px !important;}\u00bb]A trav\u00e9s del presente aviso, Treeloc, S.L. (en adelante, \u201cTreeloc\u201d), con domicilio social [&hellip;]","og_url":"https:\/\/treeloc.ad\/es\/politica-privacidad\/","og_site_name":"Treeloc. Agencia de traducci\u00f3n t\u00e9cnica en Barcelona.","article_publisher":"https:\/\/www.facebook.com\/Treeloc\/","article_modified_time":"2025-01-18T17:06:02+00:00","twitter_card":"summary_large_image","twitter_misc":{"Tiempo de lectura":"5 minutos"},"schema":{"@context":"https:\/\/schema.org","@graph":[{"@type":"WebPage","@id":"https:\/\/treeloc.ad\/es\/politica-privacidad\/","url":"https:\/\/treeloc.ad\/es\/politica-privacidad\/","name":"Pol\u00edtica de Privacidad - Treeloc. Agencia de traducci\u00f3n t\u00e9cnica en Barcelona.","isPartOf":{"@id":"https:\/\/treeloc.ad\/#website"},"datePublished":"2020-07-24T15:04:12+00:00","dateModified":"2025-01-18T17:06:02+00:00","breadcrumb":{"@id":"https:\/\/treeloc.ad\/es\/politica-privacidad\/#breadcrumb"},"inLanguage":"es","potentialAction":[{"@type":"ReadAction","target":["https:\/\/treeloc.ad\/es\/politica-privacidad\/"]}]},{"@type":"BreadcrumbList","@id":"https:\/\/treeloc.ad\/es\/politica-privacidad\/#breadcrumb","itemListElement":[{"@type":"ListItem","position":1,"name":"Portada","item":"https:\/\/treeloc.ad\/en\/"},{"@type":"ListItem","position":2,"name":"Pol\u00edtica de Privacidad"}]},{"@type":"WebSite","@id":"https:\/\/treeloc.ad\/#website","url":"https:\/\/treeloc.ad\/","name":"Treeloc","description":"Agencia de traducci\u00f3n t\u00e9cnica con experiencia en sectores de las tecnolog\u00edas, la ingenier\u00eda y la medicina. Certificaciones ISO y partners de SAP.","publisher":{"@id":"https:\/\/treeloc.ad\/#organization"},"potentialAction":[{"@type":"SearchAction","target":{"@type":"EntryPoint","urlTemplate":"https:\/\/treeloc.ad\/?s={search_term_string}"},"query-input":"required name=search_term_string"}],"inLanguage":"es"},{"@type":"Organization","@id":"https:\/\/treeloc.ad\/#organization","name":"Treeloc","url":"https:\/\/treeloc.ad\/","sameAs":["https:\/\/www.linkedin.com\/company\/treeloc\/","https:\/\/www.facebook.com\/Treeloc\/"],"logo":{"@type":"ImageObject","inLanguage":"es","@id":"https:\/\/treeloc.ad\/#\/schema\/logo\/image\/","url":"https:\/\/treeloc.ad\/wp-content\/uploads\/2020\/04\/TREELOC-Brand1X.png","contentUrl":"https:\/\/treeloc.ad\/wp-content\/uploads\/2020\/04\/TREELOC-Brand1X.png","width":169,"height":49,"caption":"Treeloc"},"image":{"@id":"https:\/\/treeloc.ad\/#\/schema\/logo\/image\/"}}]}},"_links":{"self":[{"href":"https:\/\/treeloc.ad\/es\/wp-json\/wp\/v2\/pages\/1064"}],"collection":[{"href":"https:\/\/treeloc.ad\/es\/wp-json\/wp\/v2\/pages"}],"about":[{"href":"https:\/\/treeloc.ad\/es\/wp-json\/wp\/v2\/types\/page"}],"author":[{"embeddable":true,"href":"https:\/\/treeloc.ad\/es\/wp-json\/wp\/v2\/users\/13"}],"replies":[{"embeddable":true,"href":"https:\/\/treeloc.ad\/es\/wp-json\/wp\/v2\/comments?post=1064"}],"version-history":[{"count":3,"href":"https:\/\/treeloc.ad\/es\/wp-json\/wp\/v2\/pages\/1064\/revisions"}],"predecessor-version":[{"id":1645,"href":"https:\/\/treeloc.ad\/es\/wp-json\/wp\/v2\/pages\/1064\/revisions\/1645"}],"wp:attachment":[{"href":"https:\/\/treeloc.ad\/es\/wp-json\/wp\/v2\/media?parent=1064"}],"curies":[{"name":"wp","href":"https:\/\/api.w.org\/{rel}","templated":true}]}}