{"id":1067,"date":"2020-07-24T17:04:36","date_gmt":"2020-07-24T15:04:36","guid":{"rendered":"https:\/\/treeloc.ad\/?page_id=1067"},"modified":"2020-10-05T11:14:01","modified_gmt":"2020-10-05T09:14:01","slug":"cookies","status":"publish","type":"page","link":"https:\/\/treeloc.ad\/es\/cookies\/","title":{"rendered":"Pol\u00edtica de Cookies"},"content":{"rendered":"<p>[vc_row full_width=\u00bbstretch_row\u00bb el_class=\u00bbhero\u00bb css=\u00bb.vc_custom_1595602958788{padding-top: 100px !important;padding-bottom: 100px !important;}\u00bb][vc_column][vc_row_inner][vc_column_inner width=\u00bb2\/12&#8243;][\/vc_column_inner][vc_column_inner width=\u00bb8\/12&#8243;][vc_column_text el_class=\u00bbsubtitle center\u00bb css=\u00bb.vc_custom_1595603125669{margin-bottom: 30px !important;}\u00bb]<\/p>\n<h4>treeloc.com<\/h4>\n<h1>Pol\u00edtica de Cookies<\/h1>\n<p>[\/vc_column_text][vc_column_text css=\u00bb.vc_custom_1601889234182{margin-top: 40px !important;}\u00bb]<\/p>\n<h2>Pol\u00edtica de Cookies<\/h2>\n<p><strong>\u00bfQu\u00e9 es una cookie?<\/strong><br \/>\nUna cookie es un archivo que se descarga en el ordenador cuando el usuario accede a determinadas p\u00e1ginas web. Las cookies permiten a una p\u00e1gina web, entre otras cosas, almacenar y recuperar informaci\u00f3n sobre los h\u00e1bitos de navegaci\u00f3n de un usuario o de su equipo y, dependiendo de la informaci\u00f3n que contengan y de la forma en que utilice su equipo, se pueden utilizar para reconocer al usuario.<\/p>\n<p><strong>\u00bfQu\u00e9 tipos de cookies hay?<\/strong><\/p>\n<p>Hay varios tipos de cookies en funci\u00f3n de diferentes criterios:<\/p>\n<p>&#8211; En funci\u00f3n del tiempo que permanecen activadas:<br \/>\nCookies de sesi\u00f3n: son un tipo de cookies dise\u00f1adas para pedir y almacenar datos mientras el usuario accede a una p\u00e1gina web.<br \/>\nCookies permanentes: son un tipo de cookies donde los datos siguen almacenados en el terminal y el responsable de la cookie puede acceder a ellos y tratarlos durante un per\u00edodo definido por \u00e9l.<\/p>\n<p>&#8211; En funci\u00f3n de la titularidad:<br \/>\nCookies propias: son las que pertenecen a Treeloc, S.L.<br \/>\nCookies de terceros: son aquellas cuya titularidad es de un tercero, distinto de Treeloc, S.L. que ser\u00e1 quien trate la informaci\u00f3n recogida.<\/p>\n<p>&#8211; En funci\u00f3n de su finalidad:<br \/>\nCookies t\u00e9cnicas y\/o de personalizaci\u00f3n: son las que sirven para mejorar el servicio, localizar incidencias, reconocer al usuario, etc.<br \/>\nCookies de an\u00e1lisis y\/o de publicidad: son las que sirven para analizar informaci\u00f3n sobre la navegaci\u00f3n y ofrecer publicidad, ya sea gen\u00e9rica o personalizada.<\/p>\n<p><strong>\u00bfQu\u00e9 tipos de cookies son m\u00e1s habituales?<\/strong><\/p>\n<p>T\u00e9cnicas: son cookies propias, de sesi\u00f3n, de identificaci\u00f3n, de configuraci\u00f3n y de registro, estrictamente necesarias para la identificaci\u00f3n del usuario y para la prestaci\u00f3n de los servicios solicitados por el usuario. La informaci\u00f3n obtenida a trav\u00e9s de ellas la trata \u00fanicamente Treeloc, S.L.<\/p>\n<p>De an\u00e1lisis: son las que, ya sea tratadas por nosotros o por terceros, nos permiten cuantificar el n\u00famero de usuarios y con ello realizar la medici\u00f3n y el an\u00e1lisis estad\u00edstico de la utilizaci\u00f3n que hacen los usuarios del servicio ofrecido. Para ello, se analiza su navegaci\u00f3n en nuestra p\u00e1gina web, de cara a mejorar la oferta de productos o servicios que ofrecemos.<\/p>\n<p>De publicidad: son las que, ya sea tratadas por nosotros o por terceros, permiten la gesti\u00f3n, de la forma m\u00e1s eficaz posible, de los espacios publicitarios que se pudieran incluir en nuestra p\u00e1gina web y\/o almacenan informaci\u00f3n del comportamiento de los usuarios, obtenida a trav\u00e9s de la observaci\u00f3n continuada. Gracias a ellas, podemos conocer los h\u00e1bitos de navegaci\u00f3n en Internet y mostrar publicidad relacionada con el perfil de navegaci\u00f3n del usuario.<\/p>\n<p><strong>\u00bfPara qu\u00e9 sirve una cookie?<\/strong><br \/>\nLas cookies se utilizan para poder ofrecerle servicios y\/o publicidad personalizados, para analizar el funcionamiento del sistema, reconocer cu\u00e1ndo se accede como usuario, localizar incidencias y problemas que puedan surgir y solucionarlos en el menor plazo posible, as\u00ed como para analizar y medir el uso y la actividad de la p\u00e1gina web.<\/p>\n<p><strong>\u00bfSe necesita mi consentimiento para implantar una cookie?<\/strong><\/p>\n<p>No es necesario el consentimiento para la instalaci\u00f3n de cookies t\u00e9cnicas o que sean estrictamente necesarias para la prestaci\u00f3n de un servicio de TI expresamente solicitado por el destinatario.<\/p>\n<p>Para el resto, s\u00ed se necesita el consentimiento del interesado, que puede solicitarse por diferentes v\u00edas. En el caso de Treeloc, S.L., se entender\u00e1 otorgado si el usuario sigue utilizando la p\u00e1gina web, sin perjuicio de que en cualquier momento pueda revocar y desactivar las cookies.<\/p>\n<p><strong>\u00bfQu\u00e9 tipos de cookies utiliza esta p\u00e1gina web?<\/strong><\/p>\n<p>Cookies t\u00e9cnicas: son las creadas y gestionadas \u00fanicamente por nosotros; permiten al usuario la navegaci\u00f3n a trav\u00e9s de nuestra p\u00e1gina web y la utilizaci\u00f3n de diferentes opciones como, por ejemplo, identificar la sesi\u00f3n, personalizar informaci\u00f3n o acceder a zonas de acceso restringido.<\/p>\n<p>El sitio web de Treeloc, S.L. utiliza (o puede utilizar) Google Analytics, una herramienta de anal\u00edtica web desarrollada por Google, que ayuda a los propietarios de sitios web a medir c\u00f3mo interact\u00faan los usuarios con el contenido del sitio. Para la prestaci\u00f3n de estos servicios, Google Analytics utilizan cookies que recopilan informaci\u00f3n, incluida la direcci\u00f3n IP del usuario, que ser\u00e1 transmitida, tratada y almacenada por Google en los t\u00e9rminos fijados en el sitio web google.com.<\/p>\n<p>Para obtener m\u00e1s informaci\u00f3n, consulta: <a href=\"https:\/\/developers.google.com\/analytics\/devguides\/collection\/analyticsjs\/cookie-usage\">https:\/\/developers.google.com\/analytics\/devguides\/collection\/analyticsjs\/cookie-usage<\/a><\/p>\n<p>El dominio web treeloc.com utiliza los siguientes tipos de cookies:[\/vc_column_text][\/vc_column_inner][vc_column_inner width=\u00bb2\/12&#8243;][\/vc_column_inner][\/vc_row_inner][\/vc_column][\/vc_row]<\/p>\n","protected":false},"excerpt":{"rendered":"<p>[vc_row full_width=\u00bbstretch_row\u00bb el_class=\u00bbhero\u00bb css=\u00bb.vc_custom_1595602958788{padding-top: 100px !important;padding-bottom: 100px !important;}\u00bb][vc_column][vc_row_inner][vc_column_inner width=\u00bb2\/12&#8243;][\/vc_column_inner][vc_column_inner width=\u00bb8\/12&#8243;][vc_column_text el_class=\u00bbsubtitle center\u00bb css=\u00bb.vc_custom_1595603125669{margin-bottom: 30px !important;}\u00bb] treeloc.com Pol\u00edtica de Cookies [\/vc_column_text][vc_column_text css=\u00bb.vc_custom_1601889234182{margin-top: 40px !important;}\u00bb] Pol\u00edtica de Cookies \u00bfQu\u00e9 es una cookie? Una cookie es un archivo [&hellip;]<\/p>\n","protected":false},"author":13,"featured_media":0,"parent":0,"menu_order":12,"comment_status":"closed","ping_status":"closed","template":"page-treelocbg.php","meta":{"_monsterinsights_skip_tracking":false,"_monsterinsights_sitenote_active":false,"_monsterinsights_sitenote_note":"","_monsterinsights_sitenote_category":0},"acf":[],"yoast_head":"<!-- This site is optimized with the Yoast SEO plugin v19.7.1 - https:\/\/yoast.com\/wordpress\/plugins\/seo\/ -->\n<title>Pol\u00edtica de Cookies - Treeloc. Agencia de traducci\u00f3n t\u00e9cnica en Barcelona.<\/title>\n<meta name=\"robots\" content=\"index, follow, max-snippet:-1, max-image-preview:large, max-video-preview:-1\" \/>\n<link rel=\"canonical\" href=\"https:\/\/treeloc.ad\/cookies\/\" \/>\n<meta property=\"og:locale\" content=\"es_ES\" \/>\n<meta property=\"og:type\" content=\"article\" \/>\n<meta property=\"og:title\" content=\"Pol\u00edtica de Cookies - Treeloc. Agencia de traducci\u00f3n t\u00e9cnica en Barcelona.\" \/>\n<meta property=\"og:description\" content=\"[vc_row full_width=\u00bbstretch_row\u00bb el_class=\u00bbhero\u00bb css=\u00bb.vc_custom_1595602958788{padding-top: 100px !important;padding-bottom: 100px !important;}\u00bb][vc_column][vc_row_inner][vc_column_inner width=\u00bb2\/12&#8243;][\/vc_column_inner][vc_column_inner width=\u00bb8\/12&#8243;][vc_column_text el_class=\u00bbsubtitle center\u00bb css=\u00bb.vc_custom_1595603125669{margin-bottom: 30px !important;}\u00bb] treeloc.com Pol\u00edtica de Cookies [\/vc_column_text][vc_column_text css=\u00bb.vc_custom_1601889234182{margin-top: 40px !important;}\u00bb] Pol\u00edtica de Cookies \u00bfQu\u00e9 es una cookie? Una cookie es un archivo [&hellip;]\" \/>\n<meta property=\"og:url\" content=\"https:\/\/treeloc.ad\/cookies\/\" \/>\n<meta property=\"og:site_name\" content=\"Treeloc. Agencia de traducci\u00f3n t\u00e9cnica en Barcelona.\" \/>\n<meta property=\"article:publisher\" content=\"https:\/\/www.facebook.com\/Treeloc\/\" \/>\n<meta property=\"article:modified_time\" content=\"2020-10-05T09:14:01+00:00\" \/>\n<meta name=\"twitter:card\" content=\"summary_large_image\" \/>\n<meta name=\"twitter:label1\" content=\"Tiempo de lectura\" \/>\n\t<meta name=\"twitter:data1\" content=\"4 minutos\" \/>\n<script type=\"application\/ld+json\" class=\"yoast-schema-graph\">{\"@context\":\"https:\/\/schema.org\",\"@graph\":[{\"@type\":\"WebPage\",\"@id\":\"https:\/\/treeloc.ad\/cookies\/\",\"url\":\"https:\/\/treeloc.ad\/cookies\/\",\"name\":\"Pol\u00edtica de Cookies - Treeloc. Agencia de traducci\u00f3n t\u00e9cnica en Barcelona.\",\"isPartOf\":{\"@id\":\"https:\/\/treeloc.ad\/#website\"},\"datePublished\":\"2020-07-24T15:04:36+00:00\",\"dateModified\":\"2020-10-05T09:14:01+00:00\",\"breadcrumb\":{\"@id\":\"https:\/\/treeloc.ad\/cookies\/#breadcrumb\"},\"inLanguage\":\"es\",\"potentialAction\":[{\"@type\":\"ReadAction\",\"target\":[\"https:\/\/treeloc.ad\/cookies\/\"]}]},{\"@type\":\"BreadcrumbList\",\"@id\":\"https:\/\/treeloc.ad\/cookies\/#breadcrumb\",\"itemListElement\":[{\"@type\":\"ListItem\",\"position\":1,\"name\":\"Portada\",\"item\":\"https:\/\/treeloc.ad\/en\/\"},{\"@type\":\"ListItem\",\"position\":2,\"name\":\"Pol\u00edtica de Cookies\"}]},{\"@type\":\"WebSite\",\"@id\":\"https:\/\/treeloc.ad\/#website\",\"url\":\"https:\/\/treeloc.ad\/\",\"name\":\"Treeloc\",\"description\":\"Agencia de traducci\u00f3n t\u00e9cnica con experiencia en sectores de las tecnolog\u00edas, la ingenier\u00eda y la medicina. Certificaciones ISO y partners de SAP.\",\"publisher\":{\"@id\":\"https:\/\/treeloc.ad\/#organization\"},\"potentialAction\":[{\"@type\":\"SearchAction\",\"target\":{\"@type\":\"EntryPoint\",\"urlTemplate\":\"https:\/\/treeloc.ad\/?s={search_term_string}\"},\"query-input\":\"required name=search_term_string\"}],\"inLanguage\":\"es\"},{\"@type\":\"Organization\",\"@id\":\"https:\/\/treeloc.ad\/#organization\",\"name\":\"Treeloc\",\"url\":\"https:\/\/treeloc.ad\/\",\"sameAs\":[\"https:\/\/www.linkedin.com\/company\/treeloc\/\",\"https:\/\/www.facebook.com\/Treeloc\/\"],\"logo\":{\"@type\":\"ImageObject\",\"inLanguage\":\"es\",\"@id\":\"https:\/\/treeloc.ad\/#\/schema\/logo\/image\/\",\"url\":\"https:\/\/treeloc.ad\/wp-content\/uploads\/2020\/04\/TREELOC-Brand1X.png\",\"contentUrl\":\"https:\/\/treeloc.ad\/wp-content\/uploads\/2020\/04\/TREELOC-Brand1X.png\",\"width\":169,\"height\":49,\"caption\":\"Treeloc\"},\"image\":{\"@id\":\"https:\/\/treeloc.ad\/#\/schema\/logo\/image\/\"}}]}<\/script>\n<!-- \/ Yoast SEO plugin. -->","yoast_head_json":{"title":"Pol\u00edtica de Cookies - Treeloc. Agencia de traducci\u00f3n t\u00e9cnica en Barcelona.","robots":{"index":"index","follow":"follow","max-snippet":"max-snippet:-1","max-image-preview":"max-image-preview:large","max-video-preview":"max-video-preview:-1"},"canonical":"https:\/\/treeloc.ad\/cookies\/","og_locale":"es_ES","og_type":"article","og_title":"Pol\u00edtica de Cookies - Treeloc. Agencia de traducci\u00f3n t\u00e9cnica en Barcelona.","og_description":"[vc_row full_width=\u00bbstretch_row\u00bb el_class=\u00bbhero\u00bb css=\u00bb.vc_custom_1595602958788{padding-top: 100px !important;padding-bottom: 100px !important;}\u00bb][vc_column][vc_row_inner][vc_column_inner width=\u00bb2\/12&#8243;][\/vc_column_inner][vc_column_inner width=\u00bb8\/12&#8243;][vc_column_text el_class=\u00bbsubtitle center\u00bb css=\u00bb.vc_custom_1595603125669{margin-bottom: 30px !important;}\u00bb] treeloc.com Pol\u00edtica de Cookies [\/vc_column_text][vc_column_text css=\u00bb.vc_custom_1601889234182{margin-top: 40px !important;}\u00bb] Pol\u00edtica de Cookies \u00bfQu\u00e9 es una cookie? Una cookie es un archivo [&hellip;]","og_url":"https:\/\/treeloc.ad\/cookies\/","og_site_name":"Treeloc. Agencia de traducci\u00f3n t\u00e9cnica en Barcelona.","article_publisher":"https:\/\/www.facebook.com\/Treeloc\/","article_modified_time":"2020-10-05T09:14:01+00:00","twitter_card":"summary_large_image","twitter_misc":{"Tiempo de lectura":"4 minutos"},"schema":{"@context":"https:\/\/schema.org","@graph":[{"@type":"WebPage","@id":"https:\/\/treeloc.ad\/cookies\/","url":"https:\/\/treeloc.ad\/cookies\/","name":"Pol\u00edtica de Cookies - Treeloc. Agencia de traducci\u00f3n t\u00e9cnica en Barcelona.","isPartOf":{"@id":"https:\/\/treeloc.ad\/#website"},"datePublished":"2020-07-24T15:04:36+00:00","dateModified":"2020-10-05T09:14:01+00:00","breadcrumb":{"@id":"https:\/\/treeloc.ad\/cookies\/#breadcrumb"},"inLanguage":"es","potentialAction":[{"@type":"ReadAction","target":["https:\/\/treeloc.ad\/cookies\/"]}]},{"@type":"BreadcrumbList","@id":"https:\/\/treeloc.ad\/cookies\/#breadcrumb","itemListElement":[{"@type":"ListItem","position":1,"name":"Portada","item":"https:\/\/treeloc.ad\/en\/"},{"@type":"ListItem","position":2,"name":"Pol\u00edtica de Cookies"}]},{"@type":"WebSite","@id":"https:\/\/treeloc.ad\/#website","url":"https:\/\/treeloc.ad\/","name":"Treeloc","description":"Agencia de traducci\u00f3n t\u00e9cnica con experiencia en sectores de las tecnolog\u00edas, la ingenier\u00eda y la medicina. Certificaciones ISO y partners de SAP.","publisher":{"@id":"https:\/\/treeloc.ad\/#organization"},"potentialAction":[{"@type":"SearchAction","target":{"@type":"EntryPoint","urlTemplate":"https:\/\/treeloc.ad\/?s={search_term_string}"},"query-input":"required name=search_term_string"}],"inLanguage":"es"},{"@type":"Organization","@id":"https:\/\/treeloc.ad\/#organization","name":"Treeloc","url":"https:\/\/treeloc.ad\/","sameAs":["https:\/\/www.linkedin.com\/company\/treeloc\/","https:\/\/www.facebook.com\/Treeloc\/"],"logo":{"@type":"ImageObject","inLanguage":"es","@id":"https:\/\/treeloc.ad\/#\/schema\/logo\/image\/","url":"https:\/\/treeloc.ad\/wp-content\/uploads\/2020\/04\/TREELOC-Brand1X.png","contentUrl":"https:\/\/treeloc.ad\/wp-content\/uploads\/2020\/04\/TREELOC-Brand1X.png","width":169,"height":49,"caption":"Treeloc"},"image":{"@id":"https:\/\/treeloc.ad\/#\/schema\/logo\/image\/"}}]}},"_links":{"self":[{"href":"https:\/\/treeloc.ad\/es\/wp-json\/wp\/v2\/pages\/1067"}],"collection":[{"href":"https:\/\/treeloc.ad\/es\/wp-json\/wp\/v2\/pages"}],"about":[{"href":"https:\/\/treeloc.ad\/es\/wp-json\/wp\/v2\/types\/page"}],"author":[{"embeddable":true,"href":"https:\/\/treeloc.ad\/es\/wp-json\/wp\/v2\/users\/13"}],"replies":[{"embeddable":true,"href":"https:\/\/treeloc.ad\/es\/wp-json\/wp\/v2\/comments?post=1067"}],"version-history":[{"count":4,"href":"https:\/\/treeloc.ad\/es\/wp-json\/wp\/v2\/pages\/1067\/revisions"}],"predecessor-version":[{"id":1646,"href":"https:\/\/treeloc.ad\/es\/wp-json\/wp\/v2\/pages\/1067\/revisions\/1646"}],"wp:attachment":[{"href":"https:\/\/treeloc.ad\/es\/wp-json\/wp\/v2\/media?parent=1067"}],"curies":[{"name":"wp","href":"https:\/\/api.w.org\/{rel}","templated":true}]}}