{"id":2752,"date":"2022-06-06T13:01:22","date_gmt":"2022-06-06T11:01:22","guid":{"rendered":"https:\/\/treeloc.ad\/?page_id=2752"},"modified":"2025-01-19T19:37:11","modified_gmt":"2025-01-19T17:37:11","slug":"treeloc-hacemos-que-tu-proyecto-llegue-a-todo-el-mundo","status":"publish","type":"page","link":"https:\/\/treeloc.ad\/es\/","title":{"rendered":"Treeloc. Hacemos que tu proyecto llegue a todo el mundo."},"content":{"rendered":"<p>[vc_row full_width=\u00bbstretch_row\u00bb full_height=\u00bbyes\u00bb content_placement=\u00bbmiddle\u00bb el_class=\u00bbhero topfix\u00bb][vc_column width=\u00bb5\/12&#8243; css=\u00bb.vc_custom_1655982271936{margin-top: 30px !important;}\u00bb][vc_column_text]TREELOC<\/p>\n<h1>Agencia de Traducci\u00f3n Andorra<\/h1>\n<p>[\/vc_column_text][vc_column_text el_class=\u00bbsubtitle\u00bb]Somos una de las empresas m\u00e1s relevantes del sector de la traducci\u00f3n, ubicada en Barcelona y ahora tambi\u00e9n en Andorra. A\u00f1os de experiencia, clientes satisfechos, certificaciones ISO y reconocimientos de entidades independientes como el CSA nos posicionan.<br \/>\nDesde Andorra hacemos que tu proyecto llegue al mundo entero. Que fluya, que no tenga barreras y que cada destinatario sienta que lo has creado a la medida de sus necesidades. Perm\u00edtenos poner nuestra experiencia como traductores profesionales a tu servicio para que tus ideas lleguen a cualquier destino del mundo.[\/vc_column_text][vc_btn title=\u00bbCalcula tu presupuesto\u00bb style=\u00bbflat\u00bb color=\u00bbblack\u00bb size=\u00bblg\u00bb link=\u00bburl:https%3A%2F%2Fwww.treeloc.com%2Findex.php%2Fcalculadora-presupuesto%2F\u00bb][\/vc_column][vc_column width=\u00bb7\/12&#8243; el_class=\u00bbgraphic\u00bb][vc_single_image image=\u00bb823&#8243; img_size=\u00bbfull\u00bb alignment=\u00bbcenter\u00bb][\/vc_column][\/vc_row][vc_row full_width=\u00bbstretch_row\u00bb full_height=\u00bbyes\u00bb content_placement=\u00bbmiddle\u00bb el_class=\u00bbhero topfix\u00bb css=\u00bb.vc_custom_1656066670760{padding-top: 30px !important;padding-bottom: 30px !important;background-color: #ffffff !important;}\u00bb][vc_column width=\u00bb7\/12&#8243;][vc_single_image image=\u00bb826&#8243; img_size=\u00bbfull\u00bb alignment=\u00bbcenter\u00bb][\/vc_column][vc_column width=\u00bb5\/12&#8243; css=\u00bb.vc_custom_1655982246913{margin-top: 30px !important;margin-bottom: 70px !important;}\u00bb][vc_column_text]EL EQUIPO TREELOC<\/p>\n<p><span style=\"font-size:45px;\">Nuestro equipo de traductores es multidisciplinario, por lo que es capaz de asumir proyectos de cualquier tipo.<\/span>[\/vc_column_text][vc_column_text el_class=\u00bbsubtitle\u00bb]Contamos con 45 profesionales internos titulados en el campo de la traducci\u00f3n y la interpretaci\u00f3n, y disponemos de una red de m\u00e1s de 1000 colaboradores externos. Adem\u00e1s, gracias a la diversidad que nos aporta nuestro personal, tenemos una visi\u00f3n plural que abarca distintas aproximaciones al proceso de traducci\u00f3n y podemos adaptar f\u00e1cilmente tu contenido a cada contexto cultural.[\/vc_column_text][vc_btn title=\u00bbConoce nuestro equipo\u00bb style=\u00bbflat\u00bb color=\u00bbblack\u00bb size=\u00bblg\u00bb link=\u00bburl:https%3A%2F%2Fwww.treeloc.com%2Findex.php%2Fnosotros%2F|title:Nosotros\u00bb][\/vc_column][\/vc_row][vc_row full_width=\u00bbstretch_row\u00bb equal_height=\u00bbyes\u00bb content_placement=\u00bbmiddle\u00bb el_class=\u00bbtraduccion\u00bb css=\u00bb.vc_custom_1654602059455{padding-top: 30px !important;background-image: url(https:\/\/treeloc.ad\/wp-content\/uploads\/2020\/06\/Treeloc-Servicios-Traduccion-BG.png?id=816) !important;}\u00bb][vc_column width=\u00bb1\/2&#8243; css=\u00bb.vc_custom_1655972500396{margin-top: 60px !important;margin-bottom: 70px !important;}\u00bb][vc_column_text]SERVICIOS<\/p>\n<h2>Empresa de Traducci\u00f3n Andorra<\/h2>\n<p style=\"text-align: left;\">\u00bfEst\u00e1s en Andorra y necesitas traducir tu documentaci\u00f3n a otro idioma?<br \/>\nTraducimos tu documentaci\u00f3n, software o materiales de marketing con eficacia y los localizamos para contribuir a la venta de tus productos y a la consecuci\u00f3n de tus objetivos comerciales en estos mercados. La innovaci\u00f3n siempre va de la mano del crecimiento y, por ello, apostamos por mejorar constantemente nuestra oferta de servicios con novedades como la transcreaci\u00f3n.<br \/>\nContamos con un equipo de traductores y revisores de todo el mundo ampliamente acreditados, que son nativos del idioma al cual traducen y demuestran que tienen experiencia en sus campos de especializaci\u00f3n. Al ser un equipo multidisciplinario, es capaz de asumir proyectos de cualquier tipo. Disponemos de herramientas de traducci\u00f3n asistida que contribuyen a garantizar la coherencia, el tiempo y el precio acordados.<br \/>\nTu documentaci\u00f3n, traducida con total precisi\u00f3n y a tiempo.[\/vc_column_text][vc_btn title=\u00bbM\u00e1s sobre Traducci\u00f3n\u00bb style=\u00bbflat\u00bb color=\u00bbblack\u00bb size=\u00bblg\u00bb link=\u00bburl:https%3A%2F%2Fwww.treeloc.com%2Findex.php%2Fservicios%2Ftraduccion%2F\u00bb][\/vc_column][vc_column width=\u00bb1\/2&#8243; el_class=\u00bbgraphic\u00bb][\/vc_column][\/vc_row][vc_row full_width=\u00bbstretch_row\u00bb equal_height=\u00bbyes\u00bb content_placement=\u00bbmiddle\u00bb el_class=\u00bblocalizacion\u00bb css=\u00bb.vc_custom_1592387313251{background-image: url(https:\/\/treeloc.ad\/wp-content\/uploads\/2020\/06\/Treeloc-Localizacion-Servicio.png?id=821) !important;}\u00bb][vc_column width=\u00bb7\/12&#8243;][\/vc_column][vc_column width=\u00bb5\/12&#8243; el_class=\u00bbrwdhide\u00bb][vc_column_text]SERVICIOS<\/p>\n<p><span style=\"font-size:45px;\">Localizaci\u00f3n<\/span><br \/>\nHas creado un software innovador. Va a tener un alcance mundial. Los usuarios lo van a adorar, les va a simplificar la vida, pero esto solo se conseguir\u00e1 si la aplicaci\u00f3n habla en el mismo idioma que el usuario y funciona como si se hubiera creado a 10 km de distancia. Localizamos tu software y lo adaptamos a la lengua y cultura de un pa\u00eds determinado.[\/vc_column_text][vc_btn title=\u00bbM\u00e1s sobre Localizaci\u00f3n\u00bb style=\u00bbflat\u00bb color=\u00bbblack\u00bb size=\u00bblg\u00bb link=\u00bburl:https%3A%2F%2Fwww.treeloc.com%2Findex.php%2Fservicios%2Flocalizacion%2F\u00bb][\/vc_column][\/vc_row][vc_row full_width=\u00bbstretch_row\u00bb equal_height=\u00bbyes\u00bb content_placement=\u00bbmiddle\u00bb el_class=\u00bbpostedicion\u00bb css=\u00bb.vc_custom_1655982114301{background-image: url(https:\/\/treeloc.ad\/wp-content\/uploads\/2020\/06\/Treeloc-Postedicion-Servicio.png?id=818) !important;}\u00bb][vc_column width=\u00bb1\/2&#8243; css=\u00bb.vc_custom_1655972512668{margin-top: 60px !important;margin-bottom: 70px !important;}\u00bb][vc_column_text]SERVICIOS<\/p>\n<p><span style=\"font-size:45px;\">Posedici\u00f3n<\/span><br \/>\nHas recibido una documentaci\u00f3n que necesitas comprender de forma urgente, pero no vas a publicarla. Tienes unos manuales muy t\u00e9cnicos y con poco impacto comercial que, de conformidad con la legislaci\u00f3n local, deben estar traducidos. Cuentas con un presupuesto muy ajustado, pero debes traducir unos materiales de escasa visibilidad. Si te encuentras en alguna de estas situaciones, quiz\u00e1 la posedici\u00f3n sea tu soluci\u00f3n.<\/p>\n<p>La inteligencia artificial, las redes neuronales y las capacidades actuales de computaci\u00f3n han hecho realidad lo que parec\u00eda una quimera: textos traducidos en segundos a otro idioma. Si bien el resultado es inicialmente incorrecto, un profesional humano lo edita para convertirlo en un texto correcto. As\u00ed pues, si tienes un texto original escrito correctamente (esto es muy importante), sin implicaciones legales y con poca visibilidad, puede ser un buen candidato a la posedici\u00f3n.[\/vc_column_text][vc_btn title=\u00bbM\u00e1s sobre Posedici\u00f3n\u00bb style=\u00bbflat\u00bb color=\u00bbblack\u00bb size=\u00bblg\u00bb link=\u00bburl:https%3A%2F%2Fwww.treeloc.com%2Findex.php%2Fservicios%2Fposedicion%2F\u00bb][\/vc_column][vc_column width=\u00bb1\/2&#8243; el_class=\u00bbrwdhide\u00bb][\/vc_column][\/vc_row][vc_row full_width=\u00bbstretch_row\u00bb el_class=\u00bbmain\u00bb css=\u00bb.vc_custom_1654603753650{margin-bottom: 50px !important;padding-top: 100px !important;padding-bottom: 100px !important;}\u00bb][vc_column][vc_row_inner][vc_column_inner width=\u00bb2\/3&#8243;][vc_column_text]<span style=\"font-size:45px;\">Selecciona tu sector<\/span>[\/vc_column_text][vc_column_text el_class=\u00bbsubtitle\u00bb]Servicios especializados en traducci\u00f3n, localizaci\u00f3n y posedici\u00f3n para darte la mejor soluci\u00f3n seg\u00fan tus necesidades. Selecciona tu sector y descubre c\u00f3mo podemos ayudarte. Descubre servicios como la <a href=\"https:\/\/treeloc.ad\/es\/posedicion\/\">posedici\u00f3n<\/a>, <a href=\"https:\/\/treeloc.ad\/es\/transcreacion\/\">transcreaci\u00f3n<\/a>, <a href=\"https:\/\/treeloc.ad\/es\/traduccion-jurada-andorra\/\">traducci\u00f3n jurada<\/a>, <a href=\"https:\/\/treeloc.ad\/es\/traduccion-de-paginas-web-andorra\/\">traducci\u00f3n de p\u00e1ginas web<\/a>, <a href=\"https:\/\/treeloc.ad\/es\/traduccion-ecommerce-andorra\/\">traducci\u00f3n de ecommerce<\/a>, <a href=\"https:\/\/treeloc.ad\/es\/traduccion-de-documentos-andorra\/\">traducci\u00f3n de documentos<\/a>, <a href=\"https:\/\/treeloc.ad\/es\/traduccion-audiovisual-andorra\/\">traducci\u00f3n audiovisual<\/a> o <a href=\"https:\/\/treeloc.ad\/es\/traduccion-cartas-restaurantes-andorra\/\">traducci\u00f3n de cartas de restaurantes<\/a>.<\/p>\n<p>&nbsp;[\/vc_column_text][\/vc_column_inner][vc_column_inner width=\u00bb1\/3&#8243;][\/vc_column_inner][\/vc_row_inner]    <script language=\"JavaScript\">\n        jQuery(document).ready(function(){\n            jQuery('.sectors-carousel').slick({\n                infinite: true,\n                slidesToShow: 3,\n                slidesToScroll: 1,\n                responsive: [\n                    {\n                        breakpoint: 1024,\n                        settings: {\n                            slidesToShow: 2,\n                            slidesToScroll: 1\n                        }\n                    },\n                    {\n                        breakpoint: 600,\n                        settings: {\n                            slidesToShow: 1,\n                            slidesToScroll: 1,\n                            dots: true\n                        }\n                    },\n                ]\n            });\n        \/*    jQuery(\".sectors-carousel\").owlCarousel({\n                loop:true,\n                margin:10,\n                nav:true,\n                navContainer:'slsls',\n                dots: false,\n                responsive:{\n                    0:{\n                        items:1\n                    },\n                    600:{\n                        items:2\n                    },\n                    1000:{\n                        items:3\n                    }\n                }\n            });*\/\n        });\n    <\/script>\n\n    [\/vc_column][\/vc_row][vc_row full_width=\u00bbstretch_row\u00bb content_placement=\u00bbmiddle\u00bb el_class=\u00bb.treelocbg\u00bb][vc_column width=\u00bb2\/12&#8243;][\/vc_column][vc_column width=\u00bb8\/12&#8243; el_class=\u00bbcenter\u00bb][vc_column_text el_class=\u00bbsubtitle\u00bb css=\u00bb.vc_custom_1737219637763{margin-bottom: 30px !important;}\u00bb]Rellena el formulario de contacto<\/p>\n<p><center><span style=\"font-size:45px;\">Contacta con nosotros<\/span><\/center><br \/>\nCu\u00e9ntanos lo que necesitas y te responderemos r\u00e1pidamente.[\/vc_column_text][vc_empty_space]<div role=\"form\" class=\"wpcf7\" id=\"wpcf7-f5-o1\" lang=\"es-ES\" dir=\"ltr\">\n<div class=\"screen-reader-response\"><p role=\"status\" aria-live=\"polite\" aria-atomic=\"true\"><\/p> <ul><\/ul><\/div>\n<form action=\"\/es\/wp-json\/wp\/v2\/pages\/2752#wpcf7-f5-o1\" method=\"post\" class=\"wpcf7-form init wpcf7-acceptance-as-validation\" novalidate=\"novalidate\" data-status=\"init\">\n<div style=\"display: none;\">\n<input type=\"hidden\" name=\"_wpcf7\" value=\"5\" \/>\n<input type=\"hidden\" name=\"_wpcf7_version\" value=\"5.5.6.1\" \/>\n<input type=\"hidden\" name=\"_wpcf7_locale\" value=\"es_ES\" \/>\n<input type=\"hidden\" name=\"_wpcf7_unit_tag\" value=\"wpcf7-f5-o1\" \/>\n<input type=\"hidden\" name=\"_wpcf7_container_post\" value=\"0\" \/>\n<input type=\"hidden\" name=\"_wpcf7_posted_data_hash\" value=\"\" \/>\n<\/div>\n<div class=\"formleft\">\n<label> Nombre y apellidos*<br \/>\n    <span class=\"wpcf7-form-control-wrap your-name\"><input type=\"text\" name=\"your-name\" value=\"\" size=\"40\" class=\"wpcf7-form-control wpcf7-text wpcf7-validates-as-required\" aria-required=\"true\" aria-invalid=\"false\" \/><\/span> <\/label><label> Correo electr\u00f3nico*<br \/>\n    <span class=\"wpcf7-form-control-wrap your-email\"><input type=\"email\" name=\"your-email\" value=\"\" size=\"40\" class=\"wpcf7-form-control wpcf7-text wpcf7-email wpcf7-validates-as-required wpcf7-validates-as-email\" aria-required=\"true\" aria-invalid=\"false\" \/><\/span> <\/label>\n<\/div>\n<div class=\"formright\">\n<label> Empresa<br \/>\n    <span class=\"wpcf7-form-control-wrap your-company\"><input type=\"text\" name=\"your-company\" value=\"\" size=\"40\" class=\"wpcf7-form-control wpcf7-text\" aria-invalid=\"false\" \/><\/span> <\/label><label> Tel\u00e9fono*<br \/>\n    <span class=\"wpcf7-form-control-wrap your-phone\"><input type=\"tel\" name=\"your-phone\" value=\"\" size=\"40\" class=\"wpcf7-form-control wpcf7-text wpcf7-tel wpcf7-validates-as-required wpcf7-validates-as-tel\" aria-required=\"true\" aria-invalid=\"false\" \/><\/span> <\/label>\n<\/div>\n<div class=\"formbottom\">\n<label> Mensaje<br \/>\n    <span class=\"wpcf7-form-control-wrap your-message\"><textarea name=\"your-message\" cols=\"40\" rows=\"10\" class=\"wpcf7-form-control wpcf7-textarea\" aria-invalid=\"false\"><\/textarea><\/span> <\/label><\/p>\n<p><input type=\"submit\" value=\"Envia tu mensaje\" class=\"wpcf7-form-control has-spinner wpcf7-submit\" \/><\/p>\n<p class=\"small\"><span class=\"wpcf7-form-control-wrap acceptance-59\"><span class=\"wpcf7-form-control wpcf7-acceptance\"><span class=\"wpcf7-list-item\"><label><input type=\"checkbox\" name=\"acceptance-59\" value=\"1\" aria-invalid=\"false\" \/><span class=\"wpcf7-list-item-label\">He le\u00eddo la <a href=\"\/privacidad\/\" target=\"_blank\" >informaci\u00f3n de privacidad<\/a> y autorizo el tratamiento de mis datos.<\/span><\/label><\/span><\/span><\/span><\/p>\n<p class=\"small\">Sus datos ser\u00e1n tratados por Treeloc SL con la finalidad de poder suministrarle la informaci\u00f3n que nos ha solicitado. No ser\u00e1n comunicados a terceros ni se utilizar\u00e1n para ninguna otra finalidad. En cumplimiento de la normativa (UE) 2016\/679 Reglamento General de Protecci\u00f3n de Datos, le informamos que puede ejercer su derecho de acceso, rectificaci\u00f3n, supresi\u00f3n u oposici\u00f3n, enviando un correo electr\u00f3nico a la direcci\u00f3n: &#105;&#x6e;&#102;&#x6f;&#64;&#x74;r&#x65;e&#108;&#x6f;&#99;&#x2e;&#99;&#x6f;m indicando el derecho que desea ejercer e identific\u00e1ndose convenientemente. Tambi\u00e9n le informamos que puede presentar una reclamaci\u00f3n ante la Agencia Espa\u00f1ola de Protecci\u00f3n de Datos si considera que se han visto vulnerados sus derechos. Sus datos ser\u00e1n conservados hasta la finalizaci\u00f3n de la prescripci\u00f3n de responsabilidades. No prestar su consentimiento comportar\u00e1 la imposibilidad de atender su solicitud de informaci\u00f3n.<\/p>\n<\/div>\n<div class=\"wpcf7-response-output\" aria-hidden=\"true\"><\/div><\/form><\/div>[\/vc_column][vc_column width=\u00bb2\/12&#8243;][\/vc_column][\/vc_row][vc_column][vc_empty_space height=\u00bb100px\u00bb][\/vc_column]<\/p>\n","protected":false},"excerpt":{"rendered":"<p>[vc_row full_width=\u00bbstretch_row\u00bb full_height=\u00bbyes\u00bb content_placement=\u00bbmiddle\u00bb el_class=\u00bbhero topfix\u00bb][vc_column width=\u00bb5\/12&#8243; css=\u00bb.vc_custom_1655982271936{margin-top: 30px !important;}\u00bb][vc_column_text]TREELOC Agencia de Traducci\u00f3n Andorra [\/vc_column_text][vc_column_text el_class=\u00bbsubtitle\u00bb]Somos una de las empresas m\u00e1s relevantes del sector de la traducci\u00f3n, ubicada en Barcelona y ahora tambi\u00e9n en Andorra. [&hellip;]<\/p>\n","protected":false},"author":13,"featured_media":0,"parent":0,"menu_order":0,"comment_status":"closed","ping_status":"closed","template":"","meta":{"_monsterinsights_skip_tracking":false,"_monsterinsights_sitenote_active":false,"_monsterinsights_sitenote_note":"","_monsterinsights_sitenote_category":0},"acf":[],"yoast_head":"<!-- This site is optimized with the Yoast SEO plugin v19.7.1 - https:\/\/yoast.com\/wordpress\/plugins\/seo\/ -->\n<title>Agencia de Traduccion Andorra Treeloc.Ad<\/title>\n<meta name=\"description\" content=\"Descubre nuestra agencia de traducci\u00f3n profesional en Andorra. Cons\u00faltanos por nuestros servicios sin compromiso.\" \/>\n<meta name=\"robots\" content=\"index, follow, max-snippet:-1, max-image-preview:large, max-video-preview:-1\" \/>\n<link rel=\"canonical\" href=\"https:\/\/treeloc.ad\/en\/\" \/>\n<meta property=\"og:locale\" content=\"es_ES\" \/>\n<meta property=\"og:type\" content=\"article\" \/>\n<meta property=\"og:title\" content=\"Agencia de Traduccion Andorra Treeloc.Ad\" \/>\n<meta property=\"og:description\" content=\"Descubre nuestra agencia de traducci\u00f3n profesional en Andorra. Cons\u00faltanos por nuestros servicios sin compromiso.\" \/>\n<meta property=\"og:url\" content=\"https:\/\/treeloc.ad\/en\/\" \/>\n<meta property=\"og:site_name\" content=\"Treeloc. Agencia de traducci\u00f3n t\u00e9cnica en Barcelona.\" \/>\n<meta property=\"article:publisher\" content=\"https:\/\/www.facebook.com\/Treeloc\/\" \/>\n<meta property=\"article:modified_time\" content=\"2025-01-19T17:37:11+00:00\" \/>\n<meta name=\"twitter:card\" content=\"summary_large_image\" \/>\n<meta name=\"twitter:label1\" content=\"Tiempo de lectura\" \/>\n\t<meta name=\"twitter:data1\" content=\"4 minutos\" \/>\n<script type=\"application\/ld+json\" class=\"yoast-schema-graph\">{\"@context\":\"https:\/\/schema.org\",\"@graph\":[{\"@type\":\"WebPage\",\"@id\":\"https:\/\/treeloc.ad\/en\/\",\"url\":\"https:\/\/treeloc.ad\/en\/\",\"name\":\"Agencia de Traduccion Andorra Treeloc.Ad\",\"isPartOf\":{\"@id\":\"https:\/\/treeloc.ad\/#website\"},\"datePublished\":\"2022-06-06T11:01:22+00:00\",\"dateModified\":\"2025-01-19T17:37:11+00:00\",\"description\":\"Descubre nuestra agencia de traducci\u00f3n profesional en Andorra. Cons\u00faltanos por nuestros servicios sin compromiso.\",\"breadcrumb\":{\"@id\":\"https:\/\/treeloc.ad\/en\/#breadcrumb\"},\"inLanguage\":\"es\",\"potentialAction\":[{\"@type\":\"ReadAction\",\"target\":[\"https:\/\/treeloc.ad\/en\/\"]}]},{\"@type\":\"BreadcrumbList\",\"@id\":\"https:\/\/treeloc.ad\/en\/#breadcrumb\",\"itemListElement\":[{\"@type\":\"ListItem\",\"position\":1,\"name\":\"Portada\",\"item\":\"https:\/\/treeloc.ad\/en\/\"},{\"@type\":\"ListItem\",\"position\":2,\"name\":\"Treeloc. Hacemos que tu proyecto llegue a todo el mundo.\"}]},{\"@type\":\"WebSite\",\"@id\":\"https:\/\/treeloc.ad\/#website\",\"url\":\"https:\/\/treeloc.ad\/\",\"name\":\"Treeloc\",\"description\":\"Agencia de traducci\u00f3n t\u00e9cnica con experiencia en sectores de las tecnolog\u00edas, la ingenier\u00eda y la medicina. Certificaciones ISO y partners de SAP.\",\"publisher\":{\"@id\":\"https:\/\/treeloc.ad\/#organization\"},\"potentialAction\":[{\"@type\":\"SearchAction\",\"target\":{\"@type\":\"EntryPoint\",\"urlTemplate\":\"https:\/\/treeloc.ad\/?s={search_term_string}\"},\"query-input\":\"required name=search_term_string\"}],\"inLanguage\":\"es\"},{\"@type\":\"Organization\",\"@id\":\"https:\/\/treeloc.ad\/#organization\",\"name\":\"Treeloc\",\"url\":\"https:\/\/treeloc.ad\/\",\"sameAs\":[\"https:\/\/www.linkedin.com\/company\/treeloc\/\",\"https:\/\/www.facebook.com\/Treeloc\/\"],\"logo\":{\"@type\":\"ImageObject\",\"inLanguage\":\"es\",\"@id\":\"https:\/\/treeloc.ad\/#\/schema\/logo\/image\/\",\"url\":\"https:\/\/treeloc.ad\/wp-content\/uploads\/2020\/04\/TREELOC-Brand1X.png\",\"contentUrl\":\"https:\/\/treeloc.ad\/wp-content\/uploads\/2020\/04\/TREELOC-Brand1X.png\",\"width\":169,\"height\":49,\"caption\":\"Treeloc\"},\"image\":{\"@id\":\"https:\/\/treeloc.ad\/#\/schema\/logo\/image\/\"}}]}<\/script>\n<!-- \/ Yoast SEO plugin. -->","yoast_head_json":{"title":"Agencia de Traduccion Andorra Treeloc.Ad","description":"Descubre nuestra agencia de traducci\u00f3n profesional en Andorra. Cons\u00faltanos por nuestros servicios sin compromiso.","robots":{"index":"index","follow":"follow","max-snippet":"max-snippet:-1","max-image-preview":"max-image-preview:large","max-video-preview":"max-video-preview:-1"},"canonical":"https:\/\/treeloc.ad\/en\/","og_locale":"es_ES","og_type":"article","og_title":"Agencia de Traduccion Andorra Treeloc.Ad","og_description":"Descubre nuestra agencia de traducci\u00f3n profesional en Andorra. Cons\u00faltanos por nuestros servicios sin compromiso.","og_url":"https:\/\/treeloc.ad\/en\/","og_site_name":"Treeloc. Agencia de traducci\u00f3n t\u00e9cnica en Barcelona.","article_publisher":"https:\/\/www.facebook.com\/Treeloc\/","article_modified_time":"2025-01-19T17:37:11+00:00","twitter_card":"summary_large_image","twitter_misc":{"Tiempo de lectura":"4 minutos"},"schema":{"@context":"https:\/\/schema.org","@graph":[{"@type":"WebPage","@id":"https:\/\/treeloc.ad\/en\/","url":"https:\/\/treeloc.ad\/en\/","name":"Agencia de Traduccion Andorra Treeloc.Ad","isPartOf":{"@id":"https:\/\/treeloc.ad\/#website"},"datePublished":"2022-06-06T11:01:22+00:00","dateModified":"2025-01-19T17:37:11+00:00","description":"Descubre nuestra agencia de traducci\u00f3n profesional en Andorra. Cons\u00faltanos por nuestros servicios sin compromiso.","breadcrumb":{"@id":"https:\/\/treeloc.ad\/en\/#breadcrumb"},"inLanguage":"es","potentialAction":[{"@type":"ReadAction","target":["https:\/\/treeloc.ad\/en\/"]}]},{"@type":"BreadcrumbList","@id":"https:\/\/treeloc.ad\/en\/#breadcrumb","itemListElement":[{"@type":"ListItem","position":1,"name":"Portada","item":"https:\/\/treeloc.ad\/en\/"},{"@type":"ListItem","position":2,"name":"Treeloc. Hacemos que tu proyecto llegue a todo el mundo."}]},{"@type":"WebSite","@id":"https:\/\/treeloc.ad\/#website","url":"https:\/\/treeloc.ad\/","name":"Treeloc","description":"Agencia de traducci\u00f3n t\u00e9cnica con experiencia en sectores de las tecnolog\u00edas, la ingenier\u00eda y la medicina. Certificaciones ISO y partners de SAP.","publisher":{"@id":"https:\/\/treeloc.ad\/#organization"},"potentialAction":[{"@type":"SearchAction","target":{"@type":"EntryPoint","urlTemplate":"https:\/\/treeloc.ad\/?s={search_term_string}"},"query-input":"required name=search_term_string"}],"inLanguage":"es"},{"@type":"Organization","@id":"https:\/\/treeloc.ad\/#organization","name":"Treeloc","url":"https:\/\/treeloc.ad\/","sameAs":["https:\/\/www.linkedin.com\/company\/treeloc\/","https:\/\/www.facebook.com\/Treeloc\/"],"logo":{"@type":"ImageObject","inLanguage":"es","@id":"https:\/\/treeloc.ad\/#\/schema\/logo\/image\/","url":"https:\/\/treeloc.ad\/wp-content\/uploads\/2020\/04\/TREELOC-Brand1X.png","contentUrl":"https:\/\/treeloc.ad\/wp-content\/uploads\/2020\/04\/TREELOC-Brand1X.png","width":169,"height":49,"caption":"Treeloc"},"image":{"@id":"https:\/\/treeloc.ad\/#\/schema\/logo\/image\/"}}]}},"_links":{"self":[{"href":"https:\/\/treeloc.ad\/es\/wp-json\/wp\/v2\/pages\/2752"}],"collection":[{"href":"https:\/\/treeloc.ad\/es\/wp-json\/wp\/v2\/pages"}],"about":[{"href":"https:\/\/treeloc.ad\/es\/wp-json\/wp\/v2\/types\/page"}],"author":[{"embeddable":true,"href":"https:\/\/treeloc.ad\/es\/wp-json\/wp\/v2\/users\/13"}],"replies":[{"embeddable":true,"href":"https:\/\/treeloc.ad\/es\/wp-json\/wp\/v2\/comments?post=2752"}],"version-history":[{"count":46,"href":"https:\/\/treeloc.ad\/es\/wp-json\/wp\/v2\/pages\/2752\/revisions"}],"predecessor-version":[{"id":3262,"href":"https:\/\/treeloc.ad\/es\/wp-json\/wp\/v2\/pages\/2752\/revisions\/3262"}],"wp:attachment":[{"href":"https:\/\/treeloc.ad\/es\/wp-json\/wp\/v2\/media?parent=2752"}],"curies":[{"name":"wp","href":"https:\/\/api.w.org\/{rel}","templated":true}]}}